{"id":988278,"date":"2025-07-31T10:49:25","date_gmt":"2025-07-31T07:49:25","guid":{"rendered":"https:\/\/yurtdisitransfer.com\/demo\/?page_id=988278"},"modified":"2025-09-18T10:16:34","modified_gmt":"2025-09-18T07:16:34","slug":"about-us","status":"publish","type":"page","link":"https:\/\/yurtdisitransfer.com\/demo\/en\/about-us\/","title":{"rendered":"About Us"},"content":{"rendered":"\t\t<div data-elementor-type=\"wp-page\" data-elementor-id=\"988278\" class=\"elementor elementor-988278\" data-elementor-post-type=\"page\">\n\t\t\t\t<div class=\"elementor-element elementor-element-9752098 e-flex e-con-boxed e-con e-parent\" data-id=\"9752098\" data-element_type=\"container\">\n\t\t\t\t\t<div class=\"e-con-inner\">\n\t\t<div class=\"elementor-element elementor-element-69bc937 e-con-full e-flex e-con e-child\" data-id=\"69bc937\" data-element_type=\"container\">\n\t\t\t\t<div class=\"elementor-element elementor-element-53f345a elementor-widget elementor-widget-image\" data-id=\"53f345a\" data-element_type=\"widget\" data-widget_type=\"image.default\">\n\t\t\t\t<div class=\"elementor-widget-container\">\n\t\t\t\t\t\t\t\t\t\t\t\t\t\t\t<img fetchpriority=\"high\" decoding=\"async\" width=\"650\" height=\"500\" src=\"https:\/\/yurtdisitransfer.com\/demo\/wp-content\/uploads\/2025\/07\/airep-hk-2.jpg\" class=\"attachment-large size-large wp-image-988194\" alt=\"\" srcset=\"https:\/\/yurtdisitransfer.com\/demo\/wp-content\/uploads\/2025\/07\/airep-hk-2.jpg 650w, https:\/\/yurtdisitransfer.com\/demo\/wp-content\/uploads\/2025\/07\/airep-hk-2-300x231.jpg 300w\" sizes=\"(max-width: 650px) 100vw, 650px\" \/>\t\t\t\t\t\t\t\t\t\t\t\t\t\t\t<\/div>\n\t\t\t\t<\/div>\n\t\t\t\t<\/div>\n\t\t<div class=\"elementor-element elementor-element-4f8fc76 e-con-full e-flex e-con e-child\" data-id=\"4f8fc76\" data-element_type=\"container\" data-settings=\"{&quot;animation&quot;:&quot;none&quot;}\">\n\t\t\t\t<div class=\"elementor-element elementor-element-659bae9 elementor-invisible animated-fast elementor-widget elementor-widget-heading\" data-id=\"659bae9\" data-element_type=\"widget\" data-settings=\"{&quot;_animation&quot;:&quot;slideInUp&quot;}\" data-widget_type=\"heading.default\">\n\t\t\t\t<div class=\"elementor-widget-container\">\n\t\t\t\t\t<span class=\"elementor-heading-title elementor-size-default\">AiRep Havac\u0131l\u0131k ve Turizm A.\u015e<\/span>\t\t\t\t<\/div>\n\t\t\t\t<\/div>\n\t\t\t\t<div class=\"elementor-element elementor-element-1e4b460 elementor-invisible elementor-widget-tablet__width-inherit animated-fast elementor-widget elementor-widget-heading\" data-id=\"1e4b460\" data-element_type=\"widget\" data-settings=\"{&quot;_animation&quot;:&quot;slideInUp&quot;,&quot;_animation_delay&quot;:50}\" data-widget_type=\"heading.default\">\n\t\t\t\t<div class=\"elementor-widget-container\">\n\t\t\t\t\t<h2 class=\"elementor-heading-title elementor-size-default\">About AiRep<\/h2>\t\t\t\t<\/div>\n\t\t\t\t<\/div>\n\t\t\t\t<div class=\"elementor-element elementor-element-d8eae22 elementor-invisible elementor-widget-tablet__width-inherit animated-fast elementor-widget elementor-widget-text-editor\" data-id=\"d8eae22\" data-element_type=\"widget\" data-settings=\"{&quot;_animation&quot;:&quot;fadeIn&quot;,&quot;_animation_delay&quot;:200}\" data-widget_type=\"text-editor.default\">\n\t\t\t\t<div class=\"elementor-widget-container\">\n\t\t\t\t\t\t\t\t\t<p data-start=\"38\" data-end=\"312\"><strong data-start=\"38\" data-end=\"73\">AiRep Aviation and Tourism Inc.<\/strong> was established in 1992 with the aim of representing airline companies and tourism products. For over 30 years, AiRep has proven its reliability and expertise in the industry by placing customer satisfaction at the core of its operations.<\/p><p data-start=\"314\" data-end=\"593\">Today, AiRep serves as the official representative in Turkey for several international airlines operating in both passenger and cargo transportation. In addition, it provides professional marketing, sales, and operational solutions to various companies within the tourism sector.<\/p><p data-start=\"595\" data-end=\"909\">With a flexible structure that quickly adapts to evolving industry dynamics and a highly experienced team, we are committed to delivering the most up-to-date, effective, and high-quality service to our clients. For our business partners, we are more than just a representative\u2014we are a strategic solutions partner.<\/p>\t\t\t\t\t\t\t\t<\/div>\n\t\t\t\t<\/div>\n\t\t\t\t<\/div>\n\t\t\t\t\t<\/div>\n\t\t\t\t<\/div>\n\t\t<div class=\"elementor-element elementor-element-ed4b9c8 e-flex e-con-boxed e-con e-parent\" data-id=\"ed4b9c8\" data-element_type=\"container\">\n\t\t\t\t\t<div class=\"e-con-inner\">\n\t\t\t\t<div class=\"elementor-element elementor-element-9651eea elementor-invisible elementor-widget-tablet__width-inherit animated-fast elementor-widget elementor-widget-heading\" data-id=\"9651eea\" data-element_type=\"widget\" data-settings=\"{&quot;_animation&quot;:&quot;slideInUp&quot;,&quot;_animation_delay&quot;:50}\" data-widget_type=\"heading.default\">\n\t\t\t\t<div class=\"elementor-widget-container\">\n\t\t\t\t\t<h2 class=\"elementor-heading-title elementor-size-default\">Our Partners<\/h2>\t\t\t\t<\/div>\n\t\t\t\t<\/div>\n\t\t\t\t\t<\/div>\n\t\t\t\t<\/div>\n\t\t<div class=\"elementor-element elementor-element-3e8d39b7 e-flex e-con-boxed e-con e-parent\" data-id=\"3e8d39b7\" data-element_type=\"container\">\n\t\t\t\t\t<div class=\"e-con-inner\">\n\t\t\t\t<div class=\"elementor-element elementor-element-24b79683 elementor-invisible animated-fast elementor-widget-mobile__width-initial elementor-widget elementor-widget-image\" data-id=\"24b79683\" data-element_type=\"widget\" data-settings=\"{&quot;_animation&quot;:&quot;slideInUp&quot;}\" data-widget_type=\"image.default\">\n\t\t\t\t<div class=\"elementor-widget-container\">\n\t\t\t\t\t\t\t\t\t\t\t\t\t\t\t\t<a href=\"https:\/\/yurtdisitransfer.com\/demo\/thai-havayollari\/\">\n\t\t\t\t\t\t\t<img decoding=\"async\" width=\"268\" height=\"100\" src=\"https:\/\/yurtdisitransfer.com\/demo\/wp-content\/uploads\/2025\/06\/thai.png\" class=\"attachment-medium size-medium wp-image-987663\" alt=\"\" \/>\t\t\t\t\t\t\t\t<\/a>\n\t\t\t\t\t\t\t\t\t\t\t\t\t\t\t<\/div>\n\t\t\t\t<\/div>\n\t\t\t\t<div class=\"elementor-element elementor-element-c234bd0 elementor-invisible animated-fast elementor-widget-mobile__width-initial elementor-widget elementor-widget-image\" data-id=\"c234bd0\" data-element_type=\"widget\" data-settings=\"{&quot;_animation&quot;:&quot;slideInUp&quot;,&quot;_animation_delay&quot;:50}\" data-widget_type=\"image.default\">\n\t\t\t\t<div class=\"elementor-widget-container\">\n\t\t\t\t\t\t\t\t\t\t\t\t\t\t\t\t<a href=\"https:\/\/yurtdisitransfer.com\/demo\/hertz\/\">\n\t\t\t\t\t\t\t<img decoding=\"async\" width=\"230\" height=\"100\" src=\"https:\/\/yurtdisitransfer.com\/demo\/wp-content\/uploads\/2025\/06\/hertz.png\" class=\"attachment-medium size-medium wp-image-987661\" alt=\"\" \/>\t\t\t\t\t\t\t\t<\/a>\n\t\t\t\t\t\t\t\t\t\t\t\t\t\t\t<\/div>\n\t\t\t\t<\/div>\n\t\t\t\t<div class=\"elementor-element elementor-element-67752871 elementor-invisible animated-fast elementor-widget-mobile__width-initial elementor-widget elementor-widget-image\" data-id=\"67752871\" data-element_type=\"widget\" data-settings=\"{&quot;_animation&quot;:&quot;slideInUp&quot;,&quot;_animation_delay&quot;:100}\" data-widget_type=\"image.default\">\n\t\t\t\t<div class=\"elementor-widget-container\">\n\t\t\t\t\t\t\t\t\t\t\t\t\t\t\t\t<a href=\"https:\/\/yurtdisitransfer.com\/demo\/thai-cargo\/\">\n\t\t\t\t\t\t\t<img loading=\"lazy\" decoding=\"async\" width=\"198\" height=\"100\" src=\"https:\/\/yurtdisitransfer.com\/demo\/wp-content\/uploads\/2025\/06\/thai-cargo.png\" class=\"attachment-medium size-medium wp-image-987664\" alt=\"\" \/>\t\t\t\t\t\t\t\t<\/a>\n\t\t\t\t\t\t\t\t\t\t\t\t\t\t\t<\/div>\n\t\t\t\t<\/div>\n\t\t\t\t<div class=\"elementor-element elementor-element-2710d19b elementor-invisible animated-fast elementor-widget-mobile__width-initial elementor-widget elementor-widget-image\" data-id=\"2710d19b\" data-element_type=\"widget\" data-settings=\"{&quot;_animation&quot;:&quot;slideInUp&quot;,&quot;_animation_delay&quot;:200}\" data-widget_type=\"image.default\">\n\t\t\t\t<div class=\"elementor-widget-container\">\n\t\t\t\t\t\t\t\t\t\t\t\t\t\t\t\t<a href=\"https:\/\/yurtdisitransfer.com\/demo\/hertz-driveu\/\">\n\t\t\t\t\t\t\t<img loading=\"lazy\" decoding=\"async\" width=\"300\" height=\"67\" src=\"https:\/\/yurtdisitransfer.com\/demo\/wp-content\/uploads\/2025\/06\/hertz-drive-u-300x67.png\" class=\"attachment-medium size-medium wp-image-987666\" alt=\"\" srcset=\"https:\/\/yurtdisitransfer.com\/demo\/wp-content\/uploads\/2025\/06\/hertz-drive-u-300x67.png 300w, https:\/\/yurtdisitransfer.com\/demo\/wp-content\/uploads\/2025\/06\/hertz-drive-u.png 448w\" sizes=\"(max-width: 300px) 100vw, 300px\" \/>\t\t\t\t\t\t\t\t<\/a>\n\t\t\t\t\t\t\t\t\t\t\t\t\t\t\t<\/div>\n\t\t\t\t<\/div>\n\t\t\t\t<div class=\"elementor-element elementor-element-11506234 elementor-invisible animated-fast elementor-widget-mobile__width-initial elementor-widget elementor-widget-image\" data-id=\"11506234\" data-element_type=\"widget\" data-settings=\"{&quot;_animation&quot;:&quot;slideInUp&quot;,&quot;_animation_delay&quot;:250}\" data-widget_type=\"image.default\">\n\t\t\t\t<div class=\"elementor-widget-container\">\n\t\t\t\t\t\t\t\t\t\t\t\t\t\t\t\t<a href=\"https:\/\/yurtdisitransfer.com\/demo\/indigo-havayollari\/\">\n\t\t\t\t\t\t\t<img loading=\"lazy\" decoding=\"async\" width=\"300\" height=\"81\" src=\"https:\/\/yurtdisitransfer.com\/demo\/wp-content\/uploads\/2025\/06\/indigo-300x81.png\" class=\"attachment-medium size-medium wp-image-987662\" alt=\"\" srcset=\"https:\/\/yurtdisitransfer.com\/demo\/wp-content\/uploads\/2025\/06\/indigo-300x81.png 300w, https:\/\/yurtdisitransfer.com\/demo\/wp-content\/uploads\/2025\/06\/indigo.png 372w\" sizes=\"(max-width: 300px) 100vw, 300px\" \/>\t\t\t\t\t\t\t\t<\/a>\n\t\t\t\t\t\t\t\t\t\t\t\t\t\t\t<\/div>\n\t\t\t\t<\/div>\n\t\t\t\t\t<\/div>\n\t\t\t\t<\/div>\n\t\t<div class=\"elementor-element elementor-element-d4e2359 e-flex e-con-boxed e-con e-parent\" data-id=\"d4e2359\" data-element_type=\"container\">\n\t\t\t\t\t<div class=\"e-con-inner\">\n\t\t<div class=\"elementor-element elementor-element-3f94671 e-con-full e-flex e-con e-child\" data-id=\"3f94671\" data-element_type=\"container\" data-settings=\"{&quot;animation&quot;:&quot;none&quot;}\">\n\t\t\t\t<div class=\"elementor-element elementor-element-2f52712 elementor-invisible elementor-widget-tablet__width-inherit animated-fast elementor-widget elementor-widget-heading\" data-id=\"2f52712\" data-element_type=\"widget\" data-settings=\"{&quot;_animation&quot;:&quot;slideInUp&quot;,&quot;_animation_delay&quot;:50}\" data-widget_type=\"heading.default\">\n\t\t\t\t<div class=\"elementor-widget-container\">\n\t\t\t\t\t<h2 class=\"elementor-heading-title elementor-size-default\">Our Vision<\/h2>\t\t\t\t<\/div>\n\t\t\t\t<\/div>\n\t\t\t\t<div class=\"elementor-element elementor-element-86c9bdd elementor-invisible elementor-widget-tablet__width-inherit animated-fast elementor-widget elementor-widget-text-editor\" data-id=\"86c9bdd\" data-element_type=\"widget\" data-settings=\"{&quot;_animation&quot;:&quot;fadeIn&quot;,&quot;_animation_delay&quot;:200}\" data-widget_type=\"text-editor.default\">\n\t\t\t\t<div class=\"elementor-widget-container\">\n\t\t\t\t\t\t\t\t\t<p data-start=\"916\" data-end=\"1056\">To be the regional leader in aviation and tourism representation, adding value to the growth goals of international brands.<\/p>\t\t\t\t\t\t\t\t<\/div>\n\t\t\t\t<\/div>\n\t\t\t\t<div class=\"elementor-element elementor-element-02c26d9 elementor-invisible elementor-widget-tablet__width-inherit animated-fast elementor-widget elementor-widget-heading\" data-id=\"02c26d9\" data-element_type=\"widget\" data-settings=\"{&quot;_animation&quot;:&quot;slideInUp&quot;,&quot;_animation_delay&quot;:50}\" data-widget_type=\"heading.default\">\n\t\t\t\t<div class=\"elementor-widget-container\">\n\t\t\t\t\t<h2 class=\"elementor-heading-title elementor-size-default\">Our Mission<\/h2>\t\t\t\t<\/div>\n\t\t\t\t<\/div>\n\t\t\t\t<div class=\"elementor-element elementor-element-066f35f elementor-invisible elementor-widget-tablet__width-inherit animated-fast elementor-widget elementor-widget-text-editor\" data-id=\"066f35f\" data-element_type=\"widget\" data-settings=\"{&quot;_animation&quot;:&quot;fadeIn&quot;,&quot;_animation_delay&quot;:200}\" data-widget_type=\"text-editor.default\">\n\t\t\t\t<div class=\"elementor-widget-container\">\n\t\t\t\t\t\t\t\t\t<p>To accurately analyze the needs of our clients and provide them with sustainable, innovative, and high-standard services.<\/p><p>Combining global perspective with local expertise, AiRep continues to grow. Operating on the principles of trust, transparency, and long-term cooperation, AiRep is more than just a solutions provider for its industry stakeholders\u2014it is a growing family.<\/p>\t\t\t\t\t\t\t\t<\/div>\n\t\t\t\t<\/div>\n\t\t\t\t<\/div>\n\t\t<div class=\"elementor-element elementor-element-99aaea6 e-con-full e-flex e-con e-child\" data-id=\"99aaea6\" data-element_type=\"container\">\n\t\t\t\t<div class=\"elementor-element elementor-element-2a7992c elementor-widget elementor-widget-image\" data-id=\"2a7992c\" data-element_type=\"widget\" data-widget_type=\"image.default\">\n\t\t\t\t<div class=\"elementor-widget-container\">\n\t\t\t\t\t\t\t\t\t\t\t\t\t\t\t<img loading=\"lazy\" decoding=\"async\" width=\"650\" height=\"500\" src=\"https:\/\/yurtdisitransfer.com\/demo\/wp-content\/uploads\/2025\/07\/airep-hk.jpg\" class=\"attachment-large size-large wp-image-988193\" alt=\"\" srcset=\"https:\/\/yurtdisitransfer.com\/demo\/wp-content\/uploads\/2025\/07\/airep-hk.jpg 650w, https:\/\/yurtdisitransfer.com\/demo\/wp-content\/uploads\/2025\/07\/airep-hk-300x231.jpg 300w\" sizes=\"(max-width: 650px) 100vw, 650px\" \/>\t\t\t\t\t\t\t\t\t\t\t\t\t\t\t<\/div>\n\t\t\t\t<\/div>\n\t\t\t\t<\/div>\n\t\t\t\t\t<\/div>\n\t\t\t\t<\/div>\n\t\t\t\t<\/div>\n\t\t","protected":false},"excerpt":{"rendered":"<p>AiRep Havac\u0131l\u0131k ve Turizm A.\u015e About AiRep AiRep Aviation and Tourism Inc. was established in 1992 with the aim of representing airline companies and tourism products. For over 30 years, AiRep has proven its reliability and expertise in the industry by placing customer satisfaction at the core of its operations. Today, AiRep serves as the&#8230;<\/p>\n","protected":false},"author":1,"featured_media":0,"parent":0,"menu_order":0,"comment_status":"closed","ping_status":"closed","template":"","meta":{"footnotes":""},"class_list":["post-988278","page","type-page","status-publish","hentry"],"_links":{"self":[{"href":"https:\/\/yurtdisitransfer.com\/demo\/wp-json\/wp\/v2\/pages\/988278","targetHints":{"allow":["GET"]}}],"collection":[{"href":"https:\/\/yurtdisitransfer.com\/demo\/wp-json\/wp\/v2\/pages"}],"about":[{"href":"https:\/\/yurtdisitransfer.com\/demo\/wp-json\/wp\/v2\/types\/page"}],"author":[{"embeddable":true,"href":"https:\/\/yurtdisitransfer.com\/demo\/wp-json\/wp\/v2\/users\/1"}],"replies":[{"embeddable":true,"href":"https:\/\/yurtdisitransfer.com\/demo\/wp-json\/wp\/v2\/comments?post=988278"}],"version-history":[{"count":7,"href":"https:\/\/yurtdisitransfer.com\/demo\/wp-json\/wp\/v2\/pages\/988278\/revisions"}],"predecessor-version":[{"id":989398,"href":"https:\/\/yurtdisitransfer.com\/demo\/wp-json\/wp\/v2\/pages\/988278\/revisions\/989398"}],"wp:attachment":[{"href":"https:\/\/yurtdisitransfer.com\/demo\/wp-json\/wp\/v2\/media?parent=988278"}],"curies":[{"name":"wp","href":"https:\/\/api.w.org\/{rel}","templated":true}]}}