{"id":988088,"date":"2025-07-25T13:33:14","date_gmt":"2025-07-25T10:33:14","guid":{"rendered":"https:\/\/yurtdisitransfer.com\/demo\/?page_id=988088"},"modified":"2025-07-25T13:33:40","modified_gmt":"2025-07-25T10:33:40","slug":"cerez-kullanimi","status":"publish","type":"page","link":"https:\/\/yurtdisitransfer.com\/demo\/cerez-kullanimi\/","title":{"rendered":"\u00c7erez Kullan\u0131m\u0131"},"content":{"rendered":"\t\t<div data-elementor-type=\"wp-page\" data-elementor-id=\"988088\" class=\"elementor elementor-988088\" data-elementor-post-type=\"page\">\n\t\t\t\t<div class=\"elementor-element elementor-element-bdb515c e-flex e-con-boxed e-con e-parent\" data-id=\"bdb515c\" data-element_type=\"container\">\n\t\t\t\t\t<div class=\"e-con-inner\">\n\t\t<div class=\"elementor-element elementor-element-7b882be e-con-full e-flex e-con e-child\" data-id=\"7b882be\" data-element_type=\"container\">\n\t\t\t\t<div class=\"elementor-element elementor-element-4bb6ad0 elementor-widget elementor-widget-text-editor\" data-id=\"4bb6ad0\" data-element_type=\"widget\" data-widget_type=\"text-editor.default\">\n\t\t\t\t<div class=\"elementor-widget-container\">\n\t\t\t\t\t\t\t\t\t<p>Airep Web Sitesi \u00e7erez kullan\u0131m\u0131n\u0131 kabul eder. \u00c7erez, bilgisayar\u0131n sabit diskine Internet taray\u0131c\u0131s\u0131 taraf\u0131ndan kaydedilen bilgi par\u00e7ac\u0131\u011f\u0131d\u0131r. Airep websitesinde dola\u015f\u0131rken olu\u015fan \u00e7erezlerin bir b\u00f6l\u00fcm\u00fc sabit diske kaydedilirken, bir k\u0131sm\u0131 dola\u015f\u0131m s\u0131ras\u0131nda korunur ve taray\u0131c\u0131n\u0131n kapanmas\u0131 sonucunda silinir. \u00c7erezlerin bilgisayarda saklanmas\u0131n\u0131n nedeni, kullan\u0131c\u0131n\u0131n Airep websitesine tekrar girmesi s\u0131ras\u0131nda tan\u0131makt\u0131r. Bir \u00e7ok taray\u0131c\u0131 \u00e7erez kullan\u0131m\u0131n\u0131 otomatik olarak kabul eder ama \u00e7o\u011fu zaman taray\u0131c\u0131n\u0131n bu \u00f6zelli\u011fini durdurmak m\u00fcmk\u00fcnd\u00fcr. Kullan\u0131c\u0131lar \u00e7erez kullan\u0131m\u0131n\u0131 kapatsalar dahi, Airep Websitesindeki hizmetlerin \u00e7o\u011fu \u00fcr\u00fcn ve hizmet al\u0131mlar\u0131nda \u00e7erez kullan\u0131m\u0131na dahildir.<\/p><p><strong>IP Haklar\u0131<\/strong><\/p><p>Airep Web Sitesinin t\u00fcm i\u00e7eri\u011finin derlemesi (toplama, d\u00fczenleme ve bir araya getirme olarak d\u00fc\u015f\u00fcn\u00fcl\u00fcr) Airep m\u00fcnhas\u0131r m\u00fclkiyetindedir ve ulusal ve uluslararas\u0131 s\u0131nai ve fikri m\u00fclkiyet haklar\u0131 d\u00fczenlemeleri ile korunmaktad\u0131r. Airep Web Sitesinde kullan\u0131lan yaz\u0131l\u0131m ile Tedarik\u00e7ilerine ait olan t\u00fcm yaz\u0131l\u0131mlar, ulusal ve uluslararas\u0131 s\u0131nai ve fikri m\u00fclkiyet haklar\u0131 d\u00fczenlemeleri ile korunmaktad\u0131r.<\/p><p>Bu Web Sitesindeki i\u00e7eri\u011fin ba\u015fka \u015fekilde kullan\u0131m\u0131, tamamen ya da k\u0131smen \u00e7o\u011falt\u0131lmas\u0131, de\u011fi\u015ftirilmesi, da\u011f\u0131t\u0131lmas\u0131, aktar\u0131lmas\u0131, daha sonra yay\u0131nlanmas\u0131, sergilenmesi ve\/veya temsil edilmesi da dahil olmak \u00fczere kesinlikle yasaklanm\u0131\u015ft\u0131r. \u00d6zellikle, Airep Web Sitesinde bulunan g\u00f6r\u00fcnt\u00fclerin bu Web Sitesi d\u0131\u015f\u0131nda Airep ve\/veya Tedarik\u00e7ilerinin a\u00e7\u0131k onay\u0131 olmadan t\u00fcm kullan\u0131m\u0131 kesinlikle yasaklanm\u0131\u015ft\u0131r.<\/p><p>Me\u015fru resmi talepler, mahkeme celpleri veya kararlar\u0131 a\u00e7\u0131s\u0131ndan i\u015fbirli\u011fine gitmek, Airep\u2019in sistemlerini ve m\u00fc\u015fterilerini korumak veya Airep\u2019in i\u015fletmesi ve sistemlerinin g\u00fcvenilirli\u011fini ve faaliyetini sa\u011flamak amac\u0131yla, Airep, Kullan\u0131c\u0131 profili bilgileri (isim, elektronik posta adresi, vs.), IP adreslemesi ve trafik bilgileri, kullan\u0131m ge\u00e7mi\u015fi ve ilan edilen i\u00e7erik de dahil fakat bunlarla s\u0131n\u0131rl\u0131 olmamak \u00fczere gerekli veya uygun g\u00f6rd\u00fc\u011f\u00fc bilgilere eri\u015fimde bulunabilecek ve bu bilgileri if\u015fa edebilecektir. Airep\u2019in s\u00f6z konusu bilgileri if\u015fa etme hakk\u0131, Airep\u2019in Gizlilik Politikas\u0131\u2019n\u0131n i\u00e7erdi\u011fi Airep\u2019in Gizlilik Politikas\u0131\u2019n\u0131n i\u00e7erdi\u011fi kurallar\u0131 kullan\u0131c\u0131lara ibraz etmeksizin kurallar ve ko\u015fullar\u0131 de\u011fi\u015ftirme hakk\u0131n\u0131 sakl\u0131 tutmaktad\u0131r.<\/p><p><strong>G\u00fcvenlik<\/strong><\/p><p>Ki\u015fisel ve \u015firket bilgileri, sat\u0131\u015f bilgileri, kredi kart\u0131 bilgileri \u00f6zenle saklan\u0131r.<br \/>Internet \u00fczerinden g\u00f6nderilen t\u00fcm gizli bilgiler, \u00f6rne\u011fin kredi kart\u0131 bilgileri kullan\u0131ld\u0131ktan sonra imha edilmektedir.<br \/>Airep bu politikalar\u0131, \u015fartlar\u0131 ve kurallar\u0131 haber vermeden ve sorumluluk kabul etmeden de\u011fi\u015ftirme hakk\u0131n\u0131 sakl\u0131 tutar.<br \/>E\u011fer gizlilik politikam\u0131z ve veri i\u015flememiz hakk\u0131nda sorular\u0131n\u0131z varsa, l\u00fctfen a\u015fa\u011f\u0131daki ileti\u015fim bilgileri arac\u0131l\u0131\u011f\u0131yla bizlere ula\u015f\u0131n\u0131z:<br \/>Kocatepe Mah. Cumhuriyet Cad. \u00c7\u0131nar Apt. No:25\/3, 34437, Elmada\u011f, Beyo\u011flu, \u0130stanbul, Turkey<\/p>\t\t\t\t\t\t\t\t<\/div>\n\t\t\t\t<\/div>\n\t\t\t\t<\/div>\n\t\t\t\t\t<\/div>\n\t\t\t\t<\/div>\n\t\t\t\t<\/div>\n\t\t","protected":false},"excerpt":{"rendered":"<p>Airep Web Sitesi \u00e7erez kullan\u0131m\u0131n\u0131 kabul eder. \u00c7erez, bilgisayar\u0131n sabit diskine Internet taray\u0131c\u0131s\u0131 taraf\u0131ndan kaydedilen bilgi par\u00e7ac\u0131\u011f\u0131d\u0131r. Airep websitesinde dola\u015f\u0131rken olu\u015fan \u00e7erezlerin bir b\u00f6l\u00fcm\u00fc sabit diske kaydedilirken, bir k\u0131sm\u0131 dola\u015f\u0131m s\u0131ras\u0131nda korunur ve taray\u0131c\u0131n\u0131n kapanmas\u0131 sonucunda silinir. \u00c7erezlerin bilgisayarda saklanmas\u0131n\u0131n nedeni, kullan\u0131c\u0131n\u0131n Airep websitesine tekrar girmesi s\u0131ras\u0131nda tan\u0131makt\u0131r. Bir \u00e7ok taray\u0131c\u0131 \u00e7erez kullan\u0131m\u0131n\u0131 otomatik olarak&#8230;<\/p>\n","protected":false},"author":1,"featured_media":0,"parent":0,"menu_order":0,"comment_status":"closed","ping_status":"closed","template":"","meta":{"footnotes":""},"class_list":["post-988088","page","type-page","status-publish","hentry"],"_links":{"self":[{"href":"https:\/\/yurtdisitransfer.com\/demo\/wp-json\/wp\/v2\/pages\/988088","targetHints":{"allow":["GET"]}}],"collection":[{"href":"https:\/\/yurtdisitransfer.com\/demo\/wp-json\/wp\/v2\/pages"}],"about":[{"href":"https:\/\/yurtdisitransfer.com\/demo\/wp-json\/wp\/v2\/types\/page"}],"author":[{"embeddable":true,"href":"https:\/\/yurtdisitransfer.com\/demo\/wp-json\/wp\/v2\/users\/1"}],"replies":[{"embeddable":true,"href":"https:\/\/yurtdisitransfer.com\/demo\/wp-json\/wp\/v2\/comments?post=988088"}],"version-history":[{"count":4,"href":"https:\/\/yurtdisitransfer.com\/demo\/wp-json\/wp\/v2\/pages\/988088\/revisions"}],"predecessor-version":[{"id":988092,"href":"https:\/\/yurtdisitransfer.com\/demo\/wp-json\/wp\/v2\/pages\/988088\/revisions\/988092"}],"wp:attachment":[{"href":"https:\/\/yurtdisitransfer.com\/demo\/wp-json\/wp\/v2\/media?parent=988088"}],"curies":[{"name":"wp","href":"https:\/\/api.w.org\/{rel}","templated":true}]}}