{"id":987881,"date":"2025-07-16T11:56:22","date_gmt":"2025-07-16T08:56:22","guid":{"rendered":"https:\/\/yurtdisitransfer.com\/demo\/?page_id=987881"},"modified":"2025-07-31T10:16:41","modified_gmt":"2025-07-31T07:16:41","slug":"gemi-turlari","status":"publish","type":"page","link":"https:\/\/yurtdisitransfer.com\/demo\/gemi-turlari\/","title":{"rendered":"Gemi Turlar\u0131"},"content":{"rendered":"\t\t<div data-elementor-type=\"wp-page\" data-elementor-id=\"987881\" class=\"elementor elementor-987881\" data-elementor-post-type=\"page\">\n\t\t\t\t<div class=\"elementor-element elementor-element-ce2bb8e e-flex e-con-boxed e-con e-parent\" data-id=\"ce2bb8e\" data-element_type=\"container\">\n\t\t\t\t\t<div class=\"e-con-inner\">\n\t\t<div class=\"elementor-element elementor-element-3ddbd9de e-con-full e-flex e-con e-child\" data-id=\"3ddbd9de\" data-element_type=\"container\" data-settings=\"{&quot;background_background&quot;:&quot;classic&quot;}\">\n\t\t<div class=\"elementor-element elementor-element-63a8c8a7 e-con-full e-flex e-con e-child\" data-id=\"63a8c8a7\" data-element_type=\"container\" data-settings=\"{&quot;position&quot;:&quot;absolute&quot;}\">\n\t\t\t\t<div class=\"elementor-element elementor-element-49159813 elementor-widget elementor-widget-template\" data-id=\"49159813\" data-element_type=\"widget\" data-widget_type=\"template.default\">\n\t\t\t\t<div class=\"elementor-widget-container\">\n\t\t\t\t\t\t\t<div class=\"elementor-template\">\n\t\t\t\t\t<div data-elementor-type=\"container\" data-elementor-id=\"7162\" class=\"elementor elementor-7162\" data-elementor-post-type=\"elementor_library\">\n\t\t\t\t<div class=\"elementor-element elementor-element-c895366 e-con-full e-flex e-con e-child\" data-id=\"c895366\" data-element_type=\"container\">\n\t\t<div class=\"elementor-element elementor-element-37bc217 e-con-full blur-background e-flex e-con e-child\" data-id=\"37bc217\" data-element_type=\"container\">\n\t\t\t\t<\/div>\n\t\t<div class=\"elementor-element elementor-element-7aa6fbd e-con-full blur-background e-flex e-con e-child\" data-id=\"7aa6fbd\" data-element_type=\"container\">\n\t\t\t\t<\/div>\n\t\t<div class=\"elementor-element elementor-element-5500eb5 e-con-full blur-background e-flex e-con e-child\" data-id=\"5500eb5\" data-element_type=\"container\">\n\t\t\t\t<\/div>\n\t\t<div class=\"elementor-element elementor-element-ba4229b e-con-full blur-background e-flex e-con e-child\" data-id=\"ba4229b\" data-element_type=\"container\">\n\t\t\t\t<\/div>\n\t\t<div class=\"elementor-element elementor-element-0df9fbc e-con-full blur-background e-flex e-con e-child\" data-id=\"0df9fbc\" data-element_type=\"container\">\n\t\t\t\t<\/div>\n\t\t<div class=\"elementor-element elementor-element-a5c7002 e-con-full blur-background elementor-hidden-mobile e-flex e-con e-child\" data-id=\"a5c7002\" data-element_type=\"container\">\n\t\t\t\t<\/div>\n\t\t\t\t<\/div>\n\t\t\t\t<\/div>\n\t\t\t\t<\/div>\n\t\t\t\t\t\t<\/div>\n\t\t\t\t<\/div>\n\t\t\t\t<\/div>\n\t\t\t\t<\/div>\n\t\t<div class=\"elementor-element elementor-element-19c6b2e2 e-con-full e-flex e-con e-child\" data-id=\"19c6b2e2\" data-element_type=\"container\">\n\t\t\t\t<div class=\"elementor-element elementor-element-12995d6c elementor-invisible elementor-widget-tablet__width-inherit animated-fast elementor-widget elementor-widget-heading\" data-id=\"12995d6c\" data-element_type=\"widget\" data-settings=\"{&quot;_animation&quot;:&quot;slideInUp&quot;,&quot;_animation_delay&quot;:50}\" data-widget_type=\"heading.default\">\n\t\t\t\t<div class=\"elementor-widget-container\">\n\t\t\t\t\t<h2 class=\"elementor-heading-title elementor-size-default\">CruiseRep: T\u00fcrkiye\u2019nin L\u00fcks Kruvaziyer Temsilcisi\n<\/h2>\t\t\t\t<\/div>\n\t\t\t\t<\/div>\n\t\t\t\t<div class=\"elementor-element elementor-element-5d0f602b elementor-invisible elementor-widget-tablet__width-inherit animated-fast elementor-widget elementor-widget-text-editor\" data-id=\"5d0f602b\" data-element_type=\"widget\" data-settings=\"{&quot;_animation&quot;:&quot;fadeIn&quot;,&quot;_animation_delay&quot;:200}\" data-widget_type=\"text-editor.default\">\n\t\t\t\t<div class=\"elementor-widget-container\">\n\t\t\t\t\t\t\t\t\t<p>CruiseRep, 2004 y\u0131l\u0131ndan bu yana AiRep \u00e7at\u0131s\u0131 alt\u0131nda faaliyet g\u00f6steren ve l\u00fcks kruvaziyer turizmine odaklanan profesyonel bir temsilcilik markas\u0131d\u0131r. 6 y\u0131ld\u0131zl\u0131 gemi firmalar\u0131n\u0131n T\u00fcrkiye temsilcili\u011fini y\u00fcr\u00fcten CruiseRep, sekt\u00f6rdeki g\u00fc\u00e7l\u00fc uluslararas\u0131 i\u015f birlikleriyle butik ve \u00fcst segment seyahat arayan misafirler i\u00e7in g\u00fcvenilir bir \u00e7\u00f6z\u00fcm orta\u011f\u0131d\u0131r.<\/p><p>Temsilcili\u011fini y\u00fcr\u00fctt\u00fc\u011f\u00fcm\u00fcz prestijli markalar aras\u0131nda <strong data-start=\"629\" data-end=\"645\">AmaWaterways<\/strong>, <strong data-start=\"647\" data-end=\"670\">Compagnie du Ponant<\/strong>, <strong data-start=\"672\" data-end=\"691\">Crystal Cruises<\/strong>, <strong data-start=\"693\" data-end=\"712\">Oceania Cruises<\/strong>, <strong data-start=\"714\" data-end=\"743\">Regent Seven Seas Cruises<\/strong> ve <strong data-start=\"747\" data-end=\"760\">Silversea<\/strong> yer almaktad\u0131r.<\/p><p>Detayl\u0131 bilgi i\u00e7in <a class=\"\" href=\"https:\/\/cruisegemituru.com\/\" target=\"_new\" rel=\"noopener\" data-start=\"755\" data-end=\"808\">www.cruisegemituru.com<\/a> adresini ziyaret edebilirsiniz.<\/p>\t\t\t\t\t\t\t\t<\/div>\n\t\t\t\t<\/div>\n\t\t\t\t<\/div>\n\t\t\t\t\t<\/div>\n\t\t\t\t<\/div>\n\t\t<div class=\"elementor-element elementor-element-4153e60c e-con-full e-flex e-con e-parent\" data-id=\"4153e60c\" data-element_type=\"container\">\n\t\t<div class=\"elementor-element elementor-element-660a4dab e-flex e-con-boxed e-con e-child\" data-id=\"660a4dab\" data-element_type=\"container\" data-settings=\"{&quot;background_background&quot;:&quot;classic&quot;}\">\n\t\t\t\t\t<div class=\"e-con-inner\">\n\t\t<div class=\"elementor-element elementor-element-2df20480 e-con-full e-flex e-con e-child\" data-id=\"2df20480\" data-element_type=\"container\">\n\t\t\t\t<div class=\"elementor-element elementor-element-3627ed4f elementor-invisible elementor-widget-tablet__width-inherit animated-fast elementor-widget elementor-widget-heading\" data-id=\"3627ed4f\" data-element_type=\"widget\" data-settings=\"{&quot;_animation&quot;:&quot;slideInUp&quot;,&quot;_animation_delay&quot;:50}\" data-widget_type=\"heading.default\">\n\t\t\t\t<div class=\"elementor-widget-container\">\n\t\t\t\t\t<h2 class=\"elementor-heading-title elementor-size-default\">D\u00fcnya Standartlar\u0131nda Ki\u015fiye \u00d6zel Gemi Turlar\u0131\n<\/h2>\t\t\t\t<\/div>\n\t\t\t\t<\/div>\n\t\t\t\t<div class=\"elementor-element elementor-element-dc94363 elementor-invisible elementor-widget-tablet__width-inherit animated-fast elementor-widget elementor-widget-text-editor\" data-id=\"dc94363\" data-element_type=\"widget\" data-settings=\"{&quot;_animation&quot;:&quot;fadeIn&quot;,&quot;_animation_delay&quot;:200}\" data-widget_type=\"text-editor.default\">\n\t\t\t\t<div class=\"elementor-widget-container\">\n\t\t\t\t\t\t\t\t\t<p data-start=\"715\" data-end=\"835\">CruiseRep, misafirlerine sadece bir seyahat de\u011fil, <strong data-start=\"890\" data-end=\"924\">ki\u015fiselle\u015ftirilmi\u015f bir deneyim<\/strong> sunmay\u0131 hedefler. Deneyimli ekibimiz, beklentileriniz do\u011frultusunda size \u00f6zel kruvaziyer planlamalar\u0131 yapar; her detay titizlikle haz\u0131rlan\u0131r.<\/p><p data-start=\"715\" data-end=\"835\">\u00dcr\u00fcn portf\u00f6y\u00fcm\u00fczde <strong data-start=\"1088\" data-end=\"1109\">Celebrity Cruises<\/strong>, <strong data-start=\"1111\" data-end=\"1128\">Costa Cruises<\/strong>, <strong data-start=\"1130\" data-end=\"1140\">Cunard<\/strong>, <strong data-start=\"1142\" data-end=\"1160\">Disney Cruises<\/strong>, <strong data-start=\"1162\" data-end=\"1169\">MSC<\/strong>, <strong data-start=\"1171\" data-end=\"1178\" data-is-only-node=\"\">NCL<\/strong>, <strong data-start=\"1180\" data-end=\"1200\">Princess Cruises<\/strong> ve <strong data-start=\"1204\" data-end=\"1231\">Royal Caribbean Cruises<\/strong> gibi d\u00fcnya devi markalarla birlikte, <strong data-start=\"1269\" data-end=\"1284\">Viking Line<\/strong> ve <strong data-start=\"1288\" data-end=\"1296\">DFDS<\/strong> gibi hem yolcu hem ara\u00e7 ta\u015f\u0131mac\u0131l\u0131\u011f\u0131 yapan hatlar da bulunmaktad\u0131r.<\/p><p data-start=\"715\" data-end=\"835\">CruiseRep, \u015feffafl\u0131k, \u00f6zen ve profesyonellik ilkesiyle T\u00fcrkiye\u2019nin en kapsaml\u0131 ve g\u00fcvenilir kruvaziyer temsilcilik firmalar\u0131ndan biri olarak b\u00fcy\u00fcmeye devam etmektedir.<\/p>\t\t\t\t\t\t\t\t<\/div>\n\t\t\t\t<\/div>\n\t\t\t\t<\/div>\n\t\t<div class=\"elementor-element elementor-element-4d722174 e-con-full e-flex e-con e-child\" data-id=\"4d722174\" data-element_type=\"container\" data-settings=\"{&quot;background_background&quot;:&quot;classic&quot;}\">\n\t\t<div class=\"elementor-element elementor-element-5fdcfa76 e-con-full e-flex e-con e-child\" data-id=\"5fdcfa76\" data-element_type=\"container\" data-settings=\"{&quot;position&quot;:&quot;absolute&quot;}\">\n\t\t\t\t<div class=\"elementor-element elementor-element-2c498e48 elementor-widget elementor-widget-template\" data-id=\"2c498e48\" data-element_type=\"widget\" data-widget_type=\"template.default\">\n\t\t\t\t<div class=\"elementor-widget-container\">\n\t\t\t\t\t\t\t<div class=\"elementor-template\">\n\t\t\t\t\t<div data-elementor-type=\"container\" data-elementor-id=\"7162\" class=\"elementor elementor-7162\" data-elementor-post-type=\"elementor_library\">\n\t\t\t\t<div class=\"elementor-element elementor-element-c895366 e-con-full e-flex e-con e-child\" data-id=\"c895366\" data-element_type=\"container\">\n\t\t<div class=\"elementor-element elementor-element-37bc217 e-con-full blur-background e-flex e-con e-child\" data-id=\"37bc217\" data-element_type=\"container\">\n\t\t\t\t<\/div>\n\t\t<div class=\"elementor-element elementor-element-7aa6fbd e-con-full blur-background e-flex e-con e-child\" data-id=\"7aa6fbd\" data-element_type=\"container\">\n\t\t\t\t<\/div>\n\t\t<div class=\"elementor-element elementor-element-5500eb5 e-con-full blur-background e-flex e-con e-child\" data-id=\"5500eb5\" data-element_type=\"container\">\n\t\t\t\t<\/div>\n\t\t<div class=\"elementor-element elementor-element-ba4229b e-con-full blur-background e-flex e-con e-child\" data-id=\"ba4229b\" data-element_type=\"container\">\n\t\t\t\t<\/div>\n\t\t<div class=\"elementor-element elementor-element-0df9fbc e-con-full blur-background e-flex e-con e-child\" data-id=\"0df9fbc\" data-element_type=\"container\">\n\t\t\t\t<\/div>\n\t\t<div class=\"elementor-element elementor-element-a5c7002 e-con-full blur-background elementor-hidden-mobile e-flex e-con e-child\" data-id=\"a5c7002\" data-element_type=\"container\">\n\t\t\t\t<\/div>\n\t\t\t\t<\/div>\n\t\t\t\t<\/div>\n\t\t\t\t<\/div>\n\t\t\t\t\t\t<\/div>\n\t\t\t\t<\/div>\n\t\t\t\t<\/div>\n\t\t\t\t<\/div>\n\t\t\t\t\t<\/div>\n\t\t\t\t<\/div>\n\t\t\t\t<div class=\"elementor-element elementor-element-2b9975d elementor-invisible elementor-widget-tablet__width-inherit animated-fast elementor-widget elementor-widget-heading\" data-id=\"2b9975d\" data-element_type=\"widget\" data-settings=\"{&quot;_animation&quot;:&quot;slideInUp&quot;,&quot;_animation_delay&quot;:50}\" data-widget_type=\"heading.default\">\n\t\t\t\t<div class=\"elementor-widget-container\">\n\t\t\t\t\t<h2 class=\"elementor-heading-title elementor-size-default\">Partnerlerimiz<\/h2>\t\t\t\t<\/div>\n\t\t\t\t<\/div>\n\t\t\t\t<\/div>\n\t\t<div class=\"elementor-element elementor-element-60b45b39 e-flex e-con-boxed e-con e-parent\" data-id=\"60b45b39\" data-element_type=\"container\">\n\t\t\t\t\t<div class=\"e-con-inner\">\n\t\t\t\t<div class=\"elementor-element elementor-element-52b13f6d elementor-invisible animated-fast elementor-widget-mobile__width-initial elementor-widget elementor-widget-image\" data-id=\"52b13f6d\" data-element_type=\"widget\" data-settings=\"{&quot;_animation&quot;:&quot;slideInUp&quot;}\" data-widget_type=\"image.default\">\n\t\t\t\t<div class=\"elementor-widget-container\">\n\t\t\t\t\t\t\t\t\t\t\t\t\t\t\t<img decoding=\"async\" width=\"268\" height=\"100\" src=\"https:\/\/yurtdisitransfer.com\/demo\/wp-content\/uploads\/2025\/06\/thai.png\" class=\"attachment-medium size-medium wp-image-987663\" alt=\"\" \/>\t\t\t\t\t\t\t\t\t\t\t\t\t\t\t<\/div>\n\t\t\t\t<\/div>\n\t\t\t\t<div class=\"elementor-element elementor-element-48de948d elementor-invisible animated-fast elementor-widget-mobile__width-initial elementor-widget elementor-widget-image\" data-id=\"48de948d\" data-element_type=\"widget\" data-settings=\"{&quot;_animation&quot;:&quot;slideInUp&quot;,&quot;_animation_delay&quot;:50}\" data-widget_type=\"image.default\">\n\t\t\t\t<div class=\"elementor-widget-container\">\n\t\t\t\t\t\t\t\t\t\t\t\t\t\t\t<img decoding=\"async\" width=\"230\" height=\"100\" src=\"https:\/\/yurtdisitransfer.com\/demo\/wp-content\/uploads\/2025\/06\/hertz.png\" class=\"attachment-medium size-medium wp-image-987661\" alt=\"\" \/>\t\t\t\t\t\t\t\t\t\t\t\t\t\t\t<\/div>\n\t\t\t\t<\/div>\n\t\t\t\t<div class=\"elementor-element elementor-element-64dda39b elementor-invisible animated-fast elementor-widget-mobile__width-initial elementor-widget elementor-widget-image\" data-id=\"64dda39b\" data-element_type=\"widget\" data-settings=\"{&quot;_animation&quot;:&quot;slideInUp&quot;,&quot;_animation_delay&quot;:100}\" data-widget_type=\"image.default\">\n\t\t\t\t<div class=\"elementor-widget-container\">\n\t\t\t\t\t\t\t\t\t\t\t\t\t\t\t<img decoding=\"async\" width=\"198\" height=\"100\" src=\"https:\/\/yurtdisitransfer.com\/demo\/wp-content\/uploads\/2025\/06\/thai-cargo.png\" class=\"attachment-medium size-medium wp-image-987664\" alt=\"\" \/>\t\t\t\t\t\t\t\t\t\t\t\t\t\t\t<\/div>\n\t\t\t\t<\/div>\n\t\t\t\t<div class=\"elementor-element elementor-element-5857730 elementor-invisible animated-fast elementor-widget-mobile__width-initial elementor-widget elementor-widget-image\" data-id=\"5857730\" data-element_type=\"widget\" data-settings=\"{&quot;_animation&quot;:&quot;slideInUp&quot;,&quot;_animation_delay&quot;:150}\" data-widget_type=\"image.default\">\n\t\t\t\t<div class=\"elementor-widget-container\">\n\t\t\t\t\t\t\t\t\t\t\t\t\t\t\t<img loading=\"lazy\" decoding=\"async\" width=\"300\" height=\"70\" src=\"https:\/\/yurtdisitransfer.com\/demo\/wp-content\/uploads\/2025\/06\/united-300x70.png\" class=\"attachment-medium size-medium wp-image-987665\" alt=\"\" srcset=\"https:\/\/yurtdisitransfer.com\/demo\/wp-content\/uploads\/2025\/06\/united-300x70.png 300w, https:\/\/yurtdisitransfer.com\/demo\/wp-content\/uploads\/2025\/06\/united.png 430w\" sizes=\"(max-width: 300px) 100vw, 300px\" \/>\t\t\t\t\t\t\t\t\t\t\t\t\t\t\t<\/div>\n\t\t\t\t<\/div>\n\t\t\t\t<div class=\"elementor-element elementor-element-508be3c8 elementor-invisible animated-fast elementor-widget-mobile__width-initial elementor-widget elementor-widget-image\" data-id=\"508be3c8\" data-element_type=\"widget\" data-settings=\"{&quot;_animation&quot;:&quot;slideInUp&quot;,&quot;_animation_delay&quot;:200}\" data-widget_type=\"image.default\">\n\t\t\t\t<div class=\"elementor-widget-container\">\n\t\t\t\t\t\t\t\t\t\t\t\t\t\t\t<img loading=\"lazy\" decoding=\"async\" width=\"300\" height=\"67\" src=\"https:\/\/yurtdisitransfer.com\/demo\/wp-content\/uploads\/2025\/06\/hertz-drive-u-300x67.png\" class=\"attachment-medium size-medium wp-image-987666\" alt=\"\" srcset=\"https:\/\/yurtdisitransfer.com\/demo\/wp-content\/uploads\/2025\/06\/hertz-drive-u-300x67.png 300w, https:\/\/yurtdisitransfer.com\/demo\/wp-content\/uploads\/2025\/06\/hertz-drive-u.png 448w\" sizes=\"(max-width: 300px) 100vw, 300px\" \/>\t\t\t\t\t\t\t\t\t\t\t\t\t\t\t<\/div>\n\t\t\t\t<\/div>\n\t\t\t\t<div class=\"elementor-element elementor-element-75c12413 elementor-invisible animated-fast elementor-widget-mobile__width-initial elementor-widget elementor-widget-image\" data-id=\"75c12413\" data-element_type=\"widget\" data-settings=\"{&quot;_animation&quot;:&quot;slideInUp&quot;,&quot;_animation_delay&quot;:250}\" data-widget_type=\"image.default\">\n\t\t\t\t<div class=\"elementor-widget-container\">\n\t\t\t\t\t\t\t\t\t\t\t\t\t\t\t<img loading=\"lazy\" decoding=\"async\" width=\"300\" height=\"81\" src=\"https:\/\/yurtdisitransfer.com\/demo\/wp-content\/uploads\/2025\/06\/indigo-300x81.png\" class=\"attachment-medium size-medium wp-image-987662\" alt=\"\" srcset=\"https:\/\/yurtdisitransfer.com\/demo\/wp-content\/uploads\/2025\/06\/indigo-300x81.png 300w, https:\/\/yurtdisitransfer.com\/demo\/wp-content\/uploads\/2025\/06\/indigo.png 372w\" sizes=\"(max-width: 300px) 100vw, 300px\" \/>\t\t\t\t\t\t\t\t\t\t\t\t\t\t\t<\/div>\n\t\t\t\t<\/div>\n\t\t\t\t\t<\/div>\n\t\t\t\t<\/div>\n\t\t\t\t<\/div>\n\t\t","protected":false},"excerpt":{"rendered":"<p>We align your goals with actionable strategies to fuel long-term growth and stability.<\/p>\n","protected":false},"author":1,"featured_media":987882,"parent":0,"menu_order":0,"comment_status":"closed","ping_status":"closed","template":"","meta":{"footnotes":""},"class_list":["post-987881","page","type-page","status-publish","has-post-thumbnail","hentry"],"_links":{"self":[{"href":"https:\/\/yurtdisitransfer.com\/demo\/wp-json\/wp\/v2\/pages\/987881","targetHints":{"allow":["GET"]}}],"collection":[{"href":"https:\/\/yurtdisitransfer.com\/demo\/wp-json\/wp\/v2\/pages"}],"about":[{"href":"https:\/\/yurtdisitransfer.com\/demo\/wp-json\/wp\/v2\/types\/page"}],"author":[{"embeddable":true,"href":"https:\/\/yurtdisitransfer.com\/demo\/wp-json\/wp\/v2\/users\/1"}],"replies":[{"embeddable":true,"href":"https:\/\/yurtdisitransfer.com\/demo\/wp-json\/wp\/v2\/comments?post=987881"}],"version-history":[{"count":7,"href":"https:\/\/yurtdisitransfer.com\/demo\/wp-json\/wp\/v2\/pages\/987881\/revisions"}],"predecessor-version":[{"id":988235,"href":"https:\/\/yurtdisitransfer.com\/demo\/wp-json\/wp\/v2\/pages\/987881\/revisions\/988235"}],"wp:featuredmedia":[{"embeddable":true,"href":"https:\/\/yurtdisitransfer.com\/demo\/wp-json\/wp\/v2\/media\/987882"}],"wp:attachment":[{"href":"https:\/\/yurtdisitransfer.com\/demo\/wp-json\/wp\/v2\/media?parent=987881"}],"curies":[{"name":"wp","href":"https:\/\/api.w.org\/{rel}","templated":true}]}}