{"id":987834,"date":"2025-07-09T15:20:22","date_gmt":"2025-07-09T12:20:22","guid":{"rendered":"https:\/\/yurtdisitransfer.com\/demo\/?page_id=987834"},"modified":"2025-07-31T10:17:00","modified_gmt":"2025-07-31T07:17:00","slug":"yurt-disi-arac-kiralama","status":"publish","type":"page","link":"https:\/\/yurtdisitransfer.com\/demo\/yurt-disi-arac-kiralama\/","title":{"rendered":"Yurt D\u0131\u015f\u0131 Ara\u00e7 Kiralama"},"content":{"rendered":"\t\t<div data-elementor-type=\"wp-page\" data-elementor-id=\"987834\" class=\"elementor elementor-987834\" data-elementor-post-type=\"page\">\n\t\t\t\t<div class=\"elementor-element elementor-element-ce2bb8e e-flex e-con-boxed e-con e-parent\" data-id=\"ce2bb8e\" data-element_type=\"container\">\n\t\t\t\t\t<div class=\"e-con-inner\">\n\t\t<div class=\"elementor-element elementor-element-3ddbd9de e-con-full e-flex e-con e-child\" data-id=\"3ddbd9de\" data-element_type=\"container\" data-settings=\"{&quot;background_background&quot;:&quot;classic&quot;}\">\n\t\t<div class=\"elementor-element elementor-element-63a8c8a7 e-con-full e-flex e-con e-child\" data-id=\"63a8c8a7\" data-element_type=\"container\" data-settings=\"{&quot;position&quot;:&quot;absolute&quot;}\">\n\t\t\t\t<div class=\"elementor-element elementor-element-49159813 elementor-widget elementor-widget-template\" data-id=\"49159813\" data-element_type=\"widget\" data-widget_type=\"template.default\">\n\t\t\t\t<div class=\"elementor-widget-container\">\n\t\t\t\t\t\t\t<div class=\"elementor-template\">\n\t\t\t\t\t<div data-elementor-type=\"container\" data-elementor-id=\"7162\" class=\"elementor elementor-7162\" data-elementor-post-type=\"elementor_library\">\n\t\t\t\t<div class=\"elementor-element elementor-element-c895366 e-con-full e-flex e-con e-child\" data-id=\"c895366\" data-element_type=\"container\">\n\t\t<div class=\"elementor-element elementor-element-37bc217 e-con-full blur-background e-flex e-con e-child\" data-id=\"37bc217\" data-element_type=\"container\">\n\t\t\t\t<\/div>\n\t\t<div class=\"elementor-element elementor-element-7aa6fbd e-con-full blur-background e-flex e-con e-child\" data-id=\"7aa6fbd\" data-element_type=\"container\">\n\t\t\t\t<\/div>\n\t\t<div class=\"elementor-element elementor-element-5500eb5 e-con-full blur-background e-flex e-con e-child\" data-id=\"5500eb5\" data-element_type=\"container\">\n\t\t\t\t<\/div>\n\t\t<div class=\"elementor-element elementor-element-ba4229b e-con-full blur-background e-flex e-con e-child\" data-id=\"ba4229b\" data-element_type=\"container\">\n\t\t\t\t<\/div>\n\t\t<div class=\"elementor-element elementor-element-0df9fbc e-con-full blur-background e-flex e-con e-child\" data-id=\"0df9fbc\" data-element_type=\"container\">\n\t\t\t\t<\/div>\n\t\t<div class=\"elementor-element elementor-element-a5c7002 e-con-full blur-background elementor-hidden-mobile e-flex e-con e-child\" data-id=\"a5c7002\" data-element_type=\"container\">\n\t\t\t\t<\/div>\n\t\t\t\t<\/div>\n\t\t\t\t<\/div>\n\t\t\t\t<\/div>\n\t\t\t\t\t\t<\/div>\n\t\t\t\t<\/div>\n\t\t\t\t<\/div>\n\t\t\t\t<\/div>\n\t\t<div class=\"elementor-element elementor-element-19c6b2e2 e-con-full e-flex e-con e-child\" data-id=\"19c6b2e2\" data-element_type=\"container\">\n\t\t\t\t<div class=\"elementor-element elementor-element-12995d6c elementor-invisible elementor-widget-tablet__width-inherit animated-fast elementor-widget elementor-widget-heading\" data-id=\"12995d6c\" data-element_type=\"widget\" data-settings=\"{&quot;_animation&quot;:&quot;slideInUp&quot;,&quot;_animation_delay&quot;:50}\" data-widget_type=\"heading.default\">\n\t\t\t\t<div class=\"elementor-widget-container\">\n\t\t\t\t\t<h2 class=\"elementor-heading-title elementor-size-default\">Yurt D\u0131\u015f\u0131 Ara\u00e7 Kiralamada G\u00fcvenilir \u00c7\u00f6z\u00fcmler<\/h2>\t\t\t\t<\/div>\n\t\t\t\t<\/div>\n\t\t\t\t<div class=\"elementor-element elementor-element-5d0f602b elementor-invisible elementor-widget-tablet__width-inherit animated-fast elementor-widget elementor-widget-text-editor\" data-id=\"5d0f602b\" data-element_type=\"widget\" data-settings=\"{&quot;_animation&quot;:&quot;fadeIn&quot;,&quot;_animation_delay&quot;:200}\" data-widget_type=\"text-editor.default\">\n\t\t\t\t<div class=\"elementor-widget-container\">\n\t\t\t\t\t\t\t\t\t<p>AiRep, yurt d\u0131\u015f\u0131 ara\u00e7 kiralama hizmetlerinde <strong data-start=\"247\" data-end=\"281\">g\u00fcvenilir ve konforlu \u00e7\u00f6z\u00fcmler<\/strong> sunan \u00f6nc\u00fc bir kurulu\u015ftur. Yurt d\u0131\u015f\u0131 seyahatlerinizde, ihtiya\u00e7lar\u0131n\u0131za uygun ara\u00e7lar\u0131 en uygun fiyatlarla ve h\u0131zl\u0131 rezervasyon s\u00fcreciyle temin etmenizi sa\u011fl\u0131yoruz.<\/p><p>Geni\u015f ara\u00e7 filomuzda yer alan, d\u00fczenli bak\u0131mlar\u0131 yap\u0131lm\u0131\u015f son model ara\u00e7lar\u0131m\u0131zla, ister tatil ister i\u015f seyahati olsun, yolculuklar\u0131n\u0131z boyunca rahat ve g\u00fcvenli bir s\u00fcr\u00fc\u015f deneyimi sunuyoruz.<\/p><p>T\u00fcm ara\u00e7 tipleri, fiyat ve uygunluk bilgileri i\u00e7in <strong data-start=\"692\" data-end=\"710\">0542 358 21 67<\/strong> numaral\u0131 telefonumuzdan ya da <strong data-start=\"741\" data-end=\"760\"><a class=\"cursor-pointer\" rel=\"noopener\" data-start=\"743\" data-end=\"758\">hertz@airep.com<\/a><\/strong> adresinden bize ula\u015fabilirsiniz.<\/p>\t\t\t\t\t\t\t\t<\/div>\n\t\t\t\t<\/div>\n\t\t\t\t<\/div>\n\t\t\t\t\t<\/div>\n\t\t\t\t<\/div>\n\t\t<div class=\"elementor-element elementor-element-4153e60c e-con-full e-flex e-con e-parent\" data-id=\"4153e60c\" data-element_type=\"container\">\n\t\t<div class=\"elementor-element elementor-element-660a4dab e-flex e-con-boxed e-con e-child\" data-id=\"660a4dab\" data-element_type=\"container\" data-settings=\"{&quot;background_background&quot;:&quot;classic&quot;}\">\n\t\t\t\t\t<div class=\"e-con-inner\">\n\t\t<div class=\"elementor-element elementor-element-2df20480 e-con-full e-flex e-con e-child\" data-id=\"2df20480\" data-element_type=\"container\">\n\t\t\t\t<div class=\"elementor-element elementor-element-3627ed4f elementor-invisible elementor-widget-tablet__width-inherit animated-fast elementor-widget elementor-widget-heading\" data-id=\"3627ed4f\" data-element_type=\"widget\" data-settings=\"{&quot;_animation&quot;:&quot;slideInUp&quot;,&quot;_animation_delay&quot;:50}\" data-widget_type=\"heading.default\">\n\t\t\t\t<div class=\"elementor-widget-container\">\n\t\t\t\t\t<h2 class=\"elementor-heading-title elementor-size-default\">Profesyonel Destek, Esnek Hizmet ve \u00d6zel \u015eof\u00f6r Se\u00e7enekleri\n<\/h2>\t\t\t\t<\/div>\n\t\t\t\t<\/div>\n\t\t\t\t<div class=\"elementor-element elementor-element-dc94363 elementor-invisible elementor-widget-tablet__width-inherit animated-fast elementor-widget elementor-widget-text-editor\" data-id=\"dc94363\" data-element_type=\"widget\" data-settings=\"{&quot;_animation&quot;:&quot;fadeIn&quot;,&quot;_animation_delay&quot;:200}\" data-widget_type=\"text-editor.default\">\n\t\t\t\t<div class=\"elementor-widget-container\">\n\t\t\t\t\t\t\t\t\t<p data-start=\"715\" data-end=\"835\">AiRep, ara\u00e7 kiralama s\u00fcre\u00e7lerinde <strong data-start=\"902\" data-end=\"929\">profesyonel dan\u0131\u015fmanl\u0131k<\/strong>, uygun sigorta alternatifleri ve h\u0131zl\u0131 rezervasyon y\u00f6netimi ile seyahat planlaman\u0131z\u0131 kolayla\u015ft\u0131r\u0131r. Ara\u00e7 teslimi ve iade s\u00fcre\u00e7lerinde t\u00fcm detaylar \u015feffaf bir \u015fekilde sunulur; yerel trafik kurallar\u0131 ve yak\u0131t politikalar\u0131 konusunda bilgilendirme sa\u011flan\u0131r.<\/p><p data-start=\"715\" data-end=\"835\">Ayr\u0131ca, yurt d\u0131\u015f\u0131nda ara\u00e7 kiralamalar\u0131nda \u00f6zel \u015fof\u00f6r hizmeti de sunmaktay\u0131z. K\u0131sa veya uzun d\u00f6nemli seyahatlerinizde, ihtiya\u00e7lar\u0131n\u0131za uygun deneyimli \u015fof\u00f6rlerimizle <strong data-start=\"1351\" data-end=\"1374\">g\u00fcvenli ve konforlu<\/strong> ula\u015f\u0131m imkan\u0131 sa\u011fl\u0131yoruz.<br data-start=\"1400\" data-end=\"1403\" \/><br \/><\/p>\t\t\t\t\t\t\t\t<\/div>\n\t\t\t\t<\/div>\n\t\t\t\t<\/div>\n\t\t<div class=\"elementor-element elementor-element-4d722174 e-con-full e-flex e-con e-child\" data-id=\"4d722174\" data-element_type=\"container\" data-settings=\"{&quot;background_background&quot;:&quot;classic&quot;}\">\n\t\t<div class=\"elementor-element elementor-element-5fdcfa76 e-con-full e-flex e-con e-child\" data-id=\"5fdcfa76\" data-element_type=\"container\" data-settings=\"{&quot;position&quot;:&quot;absolute&quot;}\">\n\t\t\t\t<div class=\"elementor-element elementor-element-2c498e48 elementor-widget elementor-widget-template\" data-id=\"2c498e48\" data-element_type=\"widget\" data-widget_type=\"template.default\">\n\t\t\t\t<div class=\"elementor-widget-container\">\n\t\t\t\t\t\t\t<div class=\"elementor-template\">\n\t\t\t\t\t<div data-elementor-type=\"container\" data-elementor-id=\"7162\" class=\"elementor elementor-7162\" data-elementor-post-type=\"elementor_library\">\n\t\t\t\t<div class=\"elementor-element elementor-element-c895366 e-con-full e-flex e-con e-child\" data-id=\"c895366\" data-element_type=\"container\">\n\t\t<div class=\"elementor-element elementor-element-37bc217 e-con-full blur-background e-flex e-con e-child\" data-id=\"37bc217\" data-element_type=\"container\">\n\t\t\t\t<\/div>\n\t\t<div class=\"elementor-element elementor-element-7aa6fbd e-con-full blur-background e-flex e-con e-child\" data-id=\"7aa6fbd\" data-element_type=\"container\">\n\t\t\t\t<\/div>\n\t\t<div class=\"elementor-element elementor-element-5500eb5 e-con-full blur-background e-flex e-con e-child\" data-id=\"5500eb5\" data-element_type=\"container\">\n\t\t\t\t<\/div>\n\t\t<div class=\"elementor-element elementor-element-ba4229b e-con-full blur-background e-flex e-con e-child\" data-id=\"ba4229b\" data-element_type=\"container\">\n\t\t\t\t<\/div>\n\t\t<div class=\"elementor-element elementor-element-0df9fbc e-con-full blur-background e-flex e-con e-child\" data-id=\"0df9fbc\" data-element_type=\"container\">\n\t\t\t\t<\/div>\n\t\t<div class=\"elementor-element elementor-element-a5c7002 e-con-full blur-background elementor-hidden-mobile e-flex e-con e-child\" data-id=\"a5c7002\" data-element_type=\"container\">\n\t\t\t\t<\/div>\n\t\t\t\t<\/div>\n\t\t\t\t<\/div>\n\t\t\t\t<\/div>\n\t\t\t\t\t\t<\/div>\n\t\t\t\t<\/div>\n\t\t\t\t<\/div>\n\t\t\t\t<\/div>\n\t\t\t\t\t<\/div>\n\t\t\t\t<\/div>\n\t\t\t\t<div class=\"elementor-element elementor-element-2b9975d elementor-invisible elementor-widget-tablet__width-inherit animated-fast elementor-widget elementor-widget-heading\" data-id=\"2b9975d\" data-element_type=\"widget\" data-settings=\"{&quot;_animation&quot;:&quot;slideInUp&quot;,&quot;_animation_delay&quot;:50}\" data-widget_type=\"heading.default\">\n\t\t\t\t<div class=\"elementor-widget-container\">\n\t\t\t\t\t<h2 class=\"elementor-heading-title elementor-size-default\">Partnerlerimiz<\/h2>\t\t\t\t<\/div>\n\t\t\t\t<\/div>\n\t\t\t\t<\/div>\n\t\t<div class=\"elementor-element elementor-element-60b45b39 e-flex e-con-boxed e-con e-parent\" data-id=\"60b45b39\" data-element_type=\"container\">\n\t\t\t\t\t<div class=\"e-con-inner\">\n\t\t\t\t<div class=\"elementor-element elementor-element-52b13f6d elementor-invisible animated-fast elementor-widget-mobile__width-initial elementor-widget elementor-widget-image\" data-id=\"52b13f6d\" data-element_type=\"widget\" data-settings=\"{&quot;_animation&quot;:&quot;slideInUp&quot;}\" data-widget_type=\"image.default\">\n\t\t\t\t<div class=\"elementor-widget-container\">\n\t\t\t\t\t\t\t\t\t\t\t\t\t\t\t<img decoding=\"async\" width=\"268\" height=\"100\" src=\"https:\/\/yurtdisitransfer.com\/demo\/wp-content\/uploads\/2025\/06\/thai.png\" class=\"attachment-medium size-medium wp-image-987663\" alt=\"\" \/>\t\t\t\t\t\t\t\t\t\t\t\t\t\t\t<\/div>\n\t\t\t\t<\/div>\n\t\t\t\t<div class=\"elementor-element elementor-element-48de948d elementor-invisible animated-fast elementor-widget-mobile__width-initial elementor-widget elementor-widget-image\" data-id=\"48de948d\" data-element_type=\"widget\" data-settings=\"{&quot;_animation&quot;:&quot;slideInUp&quot;,&quot;_animation_delay&quot;:50}\" data-widget_type=\"image.default\">\n\t\t\t\t<div class=\"elementor-widget-container\">\n\t\t\t\t\t\t\t\t\t\t\t\t\t\t\t<img decoding=\"async\" width=\"230\" height=\"100\" src=\"https:\/\/yurtdisitransfer.com\/demo\/wp-content\/uploads\/2025\/06\/hertz.png\" class=\"attachment-medium size-medium wp-image-987661\" alt=\"\" \/>\t\t\t\t\t\t\t\t\t\t\t\t\t\t\t<\/div>\n\t\t\t\t<\/div>\n\t\t\t\t<div class=\"elementor-element elementor-element-64dda39b elementor-invisible animated-fast elementor-widget-mobile__width-initial elementor-widget elementor-widget-image\" data-id=\"64dda39b\" data-element_type=\"widget\" data-settings=\"{&quot;_animation&quot;:&quot;slideInUp&quot;,&quot;_animation_delay&quot;:100}\" data-widget_type=\"image.default\">\n\t\t\t\t<div class=\"elementor-widget-container\">\n\t\t\t\t\t\t\t\t\t\t\t\t\t\t\t<img decoding=\"async\" width=\"198\" height=\"100\" src=\"https:\/\/yurtdisitransfer.com\/demo\/wp-content\/uploads\/2025\/06\/thai-cargo.png\" class=\"attachment-medium size-medium wp-image-987664\" alt=\"\" \/>\t\t\t\t\t\t\t\t\t\t\t\t\t\t\t<\/div>\n\t\t\t\t<\/div>\n\t\t\t\t<div class=\"elementor-element elementor-element-5857730 elementor-invisible animated-fast elementor-widget-mobile__width-initial elementor-widget elementor-widget-image\" data-id=\"5857730\" data-element_type=\"widget\" data-settings=\"{&quot;_animation&quot;:&quot;slideInUp&quot;,&quot;_animation_delay&quot;:150}\" data-widget_type=\"image.default\">\n\t\t\t\t<div class=\"elementor-widget-container\">\n\t\t\t\t\t\t\t\t\t\t\t\t\t\t\t<img loading=\"lazy\" decoding=\"async\" width=\"300\" height=\"70\" src=\"https:\/\/yurtdisitransfer.com\/demo\/wp-content\/uploads\/2025\/06\/united-300x70.png\" class=\"attachment-medium size-medium wp-image-987665\" alt=\"\" srcset=\"https:\/\/yurtdisitransfer.com\/demo\/wp-content\/uploads\/2025\/06\/united-300x70.png 300w, https:\/\/yurtdisitransfer.com\/demo\/wp-content\/uploads\/2025\/06\/united.png 430w\" sizes=\"(max-width: 300px) 100vw, 300px\" \/>\t\t\t\t\t\t\t\t\t\t\t\t\t\t\t<\/div>\n\t\t\t\t<\/div>\n\t\t\t\t<div class=\"elementor-element elementor-element-508be3c8 elementor-invisible animated-fast elementor-widget-mobile__width-initial elementor-widget elementor-widget-image\" data-id=\"508be3c8\" data-element_type=\"widget\" data-settings=\"{&quot;_animation&quot;:&quot;slideInUp&quot;,&quot;_animation_delay&quot;:200}\" data-widget_type=\"image.default\">\n\t\t\t\t<div class=\"elementor-widget-container\">\n\t\t\t\t\t\t\t\t\t\t\t\t\t\t\t<img loading=\"lazy\" decoding=\"async\" width=\"300\" height=\"67\" src=\"https:\/\/yurtdisitransfer.com\/demo\/wp-content\/uploads\/2025\/06\/hertz-drive-u-300x67.png\" class=\"attachment-medium size-medium wp-image-987666\" alt=\"\" srcset=\"https:\/\/yurtdisitransfer.com\/demo\/wp-content\/uploads\/2025\/06\/hertz-drive-u-300x67.png 300w, https:\/\/yurtdisitransfer.com\/demo\/wp-content\/uploads\/2025\/06\/hertz-drive-u.png 448w\" sizes=\"(max-width: 300px) 100vw, 300px\" \/>\t\t\t\t\t\t\t\t\t\t\t\t\t\t\t<\/div>\n\t\t\t\t<\/div>\n\t\t\t\t<div class=\"elementor-element elementor-element-75c12413 elementor-invisible animated-fast elementor-widget-mobile__width-initial elementor-widget elementor-widget-image\" data-id=\"75c12413\" data-element_type=\"widget\" data-settings=\"{&quot;_animation&quot;:&quot;slideInUp&quot;,&quot;_animation_delay&quot;:250}\" data-widget_type=\"image.default\">\n\t\t\t\t<div class=\"elementor-widget-container\">\n\t\t\t\t\t\t\t\t\t\t\t\t\t\t\t<img loading=\"lazy\" decoding=\"async\" width=\"300\" height=\"81\" src=\"https:\/\/yurtdisitransfer.com\/demo\/wp-content\/uploads\/2025\/06\/indigo-300x81.png\" class=\"attachment-medium size-medium wp-image-987662\" alt=\"\" srcset=\"https:\/\/yurtdisitransfer.com\/demo\/wp-content\/uploads\/2025\/06\/indigo-300x81.png 300w, https:\/\/yurtdisitransfer.com\/demo\/wp-content\/uploads\/2025\/06\/indigo.png 372w\" sizes=\"(max-width: 300px) 100vw, 300px\" \/>\t\t\t\t\t\t\t\t\t\t\t\t\t\t\t<\/div>\n\t\t\t\t<\/div>\n\t\t\t\t\t<\/div>\n\t\t\t\t<\/div>\n\t\t\t\t<\/div>\n\t\t","protected":false},"excerpt":{"rendered":"<p>We align your goals with actionable strategies to fuel long-term growth and stability.<\/p>\n","protected":false},"author":1,"featured_media":987836,"parent":0,"menu_order":0,"comment_status":"closed","ping_status":"closed","template":"","meta":{"footnotes":""},"class_list":["post-987834","page","type-page","status-publish","has-post-thumbnail","hentry"],"_links":{"self":[{"href":"https:\/\/yurtdisitransfer.com\/demo\/wp-json\/wp\/v2\/pages\/987834","targetHints":{"allow":["GET"]}}],"collection":[{"href":"https:\/\/yurtdisitransfer.com\/demo\/wp-json\/wp\/v2\/pages"}],"about":[{"href":"https:\/\/yurtdisitransfer.com\/demo\/wp-json\/wp\/v2\/types\/page"}],"author":[{"embeddable":true,"href":"https:\/\/yurtdisitransfer.com\/demo\/wp-json\/wp\/v2\/users\/1"}],"replies":[{"embeddable":true,"href":"https:\/\/yurtdisitransfer.com\/demo\/wp-json\/wp\/v2\/comments?post=987834"}],"version-history":[{"count":4,"href":"https:\/\/yurtdisitransfer.com\/demo\/wp-json\/wp\/v2\/pages\/987834\/revisions"}],"predecessor-version":[{"id":987841,"href":"https:\/\/yurtdisitransfer.com\/demo\/wp-json\/wp\/v2\/pages\/987834\/revisions\/987841"}],"wp:featuredmedia":[{"embeddable":true,"href":"https:\/\/yurtdisitransfer.com\/demo\/wp-json\/wp\/v2\/media\/987836"}],"wp:attachment":[{"href":"https:\/\/yurtdisitransfer.com\/demo\/wp-json\/wp\/v2\/media?parent=987834"}],"curies":[{"name":"wp","href":"https:\/\/api.w.org\/{rel}","templated":true}]}}