{"id":271,"date":"2025-03-28T07:46:51","date_gmt":"2025-03-28T07:46:51","guid":{"rendered":"https:\/\/execor.vamtam.com\/?page_id=271"},"modified":"2025-09-18T09:30:16","modified_gmt":"2025-09-18T06:30:16","slug":"arsiv","status":"publish","type":"page","link":"https:\/\/yurtdisitransfer.com\/demo\/arsiv\/","title":{"rendered":"Ar\u015fiv"},"content":{"rendered":"\t\t<div data-elementor-type=\"wp-page\" data-elementor-id=\"271\" class=\"elementor elementor-271\" data-elementor-post-type=\"page\">\n\t\t\t\t<div class=\"elementor-element elementor-element-b1659ee e-flex e-con-boxed e-con e-parent\" data-id=\"b1659ee\" data-element_type=\"container\">\n\t\t\t\t\t<div class=\"e-con-inner\">\n\t\t\t\t<div class=\"elementor-element elementor-element-e40c80a elementor-grid-2 elementor-posts--thumbnail-none elementor-grid-tablet-2 elementor-grid-mobile-1 elementor-widget elementor-widget-posts\" data-id=\"e40c80a\" data-element_type=\"widget\" data-settings=\"{&quot;classic_columns&quot;:&quot;2&quot;,&quot;pagination_type&quot;:&quot;numbers&quot;,&quot;classic_columns_tablet&quot;:&quot;2&quot;,&quot;classic_columns_mobile&quot;:&quot;1&quot;,&quot;classic_row_gap&quot;:{&quot;unit&quot;:&quot;px&quot;,&quot;size&quot;:35,&quot;sizes&quot;:[]},&quot;classic_row_gap_tablet&quot;:{&quot;unit&quot;:&quot;px&quot;,&quot;size&quot;:&quot;&quot;,&quot;sizes&quot;:[]},&quot;classic_row_gap_mobile&quot;:{&quot;unit&quot;:&quot;px&quot;,&quot;size&quot;:&quot;&quot;,&quot;sizes&quot;:[]}}\" data-widget_type=\"posts.classic\">\n\t\t\t\t<div class=\"elementor-widget-container\">\n\t\t\t\t\t\t\t<div class=\"elementor-posts-container elementor-posts elementor-posts--skin-classic elementor-grid\" role=\"list\">\n\t\t\t\t<article class=\"elementor-post elementor-grid-item post-988458 post type-post status-publish format-standard has-post-thumbnail hentry category-arsiv\" role=\"listitem\">\n\t\t\t\t<div class=\"elementor-post__text\">\n\t\t\t\t<p class=\"elementor-post__title\">\n\t\t\t<a href=\"https:\/\/yurtdisitransfer.com\/demo\/duyurular\/astana-transfer-ulasim-rehberi\/\" >\n\t\t\t\tAmsterdam Ula\u015f\u0131m Rehberi\t\t\t<\/a>\n\t\t<\/p>\n\t\t\t\t<\/div>\n\t\t\t\t<\/article>\n\t\t\t\t<article class=\"elementor-post elementor-grid-item post-988453 post type-post status-publish format-standard has-post-thumbnail hentry category-arsiv\" role=\"listitem\">\n\t\t\t\t<div class=\"elementor-post__text\">\n\t\t\t\t<p class=\"elementor-post__title\">\n\t\t\t<a href=\"https:\/\/yurtdisitransfer.com\/demo\/duyurular\/abu-dabi-arac-kiralama-rehberi\/\" >\n\t\t\t\tAbu Dabi Ara\u00e7 Kiralama Rehberi\t\t\t<\/a>\n\t\t<\/p>\n\t\t\t\t<\/div>\n\t\t\t\t<\/article>\n\t\t\t\t<article class=\"elementor-post elementor-grid-item post-988441 post type-post status-publish format-standard has-post-thumbnail hentry category-arsiv\" role=\"listitem\">\n\t\t\t\t<div class=\"elementor-post__text\">\n\t\t\t\t<p class=\"elementor-post__title\">\n\t\t\t<a href=\"https:\/\/yurtdisitransfer.com\/demo\/duyurular\/abu-dabi-transfer-ulasim-rehberi\/\" >\n\t\t\t\tAbu Dabi Transfer Ula\u015f\u0131m Rehberi\t\t\t<\/a>\n\t\t<\/p>\n\t\t\t\t<\/div>\n\t\t\t\t<\/article>\n\t\t\t\t<article class=\"elementor-post elementor-grid-item post-461 post type-post status-publish format-standard hentry category-arsiv\" role=\"listitem\">\n\t\t\t\t<div class=\"elementor-post__text\">\n\t\t\t\t<p class=\"elementor-post__title\">\n\t\t\t<a href=\"https:\/\/yurtdisitransfer.com\/demo\/duyurular\/yurt-disi-arac-kiralama-hizmetinde-dunyanin-her-kosesinde-hertz-yaninizda-2\/\" >\n\t\t\t\tYurt D\u0131\u015f\u0131 Ara\u00e7 Kiralama Hizmetinde, D\u00fcnyan\u0131n Her K\u00f6\u015fesinde Hertz Yan\u0131n\u0131zda!\t\t\t<\/a>\n\t\t<\/p>\n\t\t\t\t<\/div>\n\t\t\t\t<\/article>\n\t\t\t\t<article class=\"elementor-post elementor-grid-item post-238 post type-post status-publish format-standard hentry category-arsiv\" role=\"listitem\">\n\t\t\t\t<div class=\"elementor-post__text\">\n\t\t\t\t<p class=\"elementor-post__title\">\n\t\t\t<a href=\"https:\/\/yurtdisitransfer.com\/demo\/duyurular\/hertz-soforlu-arac-kiralama-hizmeti\/\" >\n\t\t\t\tHertz Drive U \u015eof\u00f6rl\u00fc Ara\u00e7 Kiralama Hizmeti\t\t\t<\/a>\n\t\t<\/p>\n\t\t\t\t<\/div>\n\t\t\t\t<\/article>\n\t\t\t\t<article class=\"elementor-post elementor-grid-item post-237 post type-post status-publish format-standard hentry category-arsiv\" role=\"listitem\">\n\t\t\t\t<div class=\"elementor-post__text\">\n\t\t\t\t<p class=\"elementor-post__title\">\n\t\t\t<a href=\"https:\/\/yurtdisitransfer.com\/demo\/duyurular\/hertz-driveu-transfer-hizmetini-yepyeni-bir-boyuta-tasiyor\/\" >\n\t\t\t\tHertz DriveU Transfer Hizmetini Yepyeni Bir Boyuta Ta\u015f\u0131yor\t\t\t<\/a>\n\t\t<\/p>\n\t\t\t\t<\/div>\n\t\t\t\t<\/article>\n\t\t\t\t<article class=\"elementor-post elementor-grid-item post-234 post type-post status-publish format-standard hentry category-arsiv\" role=\"listitem\">\n\t\t\t\t<div class=\"elementor-post__text\">\n\t\t\t\t<p class=\"elementor-post__title\">\n\t\t\t<a href=\"https:\/\/yurtdisitransfer.com\/demo\/duyurular\/yurt-disi-arac-kiralama-hizmetinde-dunyanin-her-kosesinde-hertz-yaninizda\/\" >\n\t\t\t\tYurt D\u0131\u015f\u0131 Ara\u00e7 Kiralama Hizmetinde, D\u00fcnyan\u0131n Her K\u00f6\u015fesinde Hertz Yan\u0131n\u0131zda!\t\t\t<\/a>\n\t\t<\/p>\n\t\t\t\t<\/div>\n\t\t\t\t<\/article>\n\t\t\t\t<article class=\"elementor-post elementor-grid-item post-236 post type-post status-publish format-standard hentry category-arsiv\" role=\"listitem\">\n\t\t\t\t<div class=\"elementor-post__text\">\n\t\t\t\t<p class=\"elementor-post__title\">\n\t\t\t<a href=\"https:\/\/yurtdisitransfer.com\/demo\/duyurular\/hertz-driveu-transfer-hizmeti-ile-her-sehir-bir-adim-yakin\/\" >\n\t\t\t\tHertz DriveU Transfer Hizmeti ile Her \u015eehir Bir Ad\u0131m Yak\u0131n\t\t\t<\/a>\n\t\t<\/p>\n\t\t\t\t<\/div>\n\t\t\t\t<\/article>\n\t\t\t\t<article class=\"elementor-post elementor-grid-item post-233 post type-post status-publish format-standard hentry category-arsiv\" role=\"listitem\">\n\t\t\t\t<div class=\"elementor-post__text\">\n\t\t\t\t<p class=\"elementor-post__title\">\n\t\t\t<a href=\"https:\/\/yurtdisitransfer.com\/demo\/duyurular\/hertz-gold-plus-rewards-uyeligi-ile-kazanmaya-baslayin\/\" >\n\t\t\t\tHertz Gold Plus Rewards \u00dcyeli\u011fi \u0130le Kazanmaya Ba\u015flay\u0131n\t\t\t<\/a>\n\t\t<\/p>\n\t\t\t\t<\/div>\n\t\t\t\t<\/article>\n\t\t\t\t<article class=\"elementor-post elementor-grid-item post-50 post type-post status-publish format-standard hentry category-arsiv\" role=\"listitem\">\n\t\t\t\t<div class=\"elementor-post__text\">\n\t\t\t\t<p class=\"elementor-post__title\">\n\t\t\t<a href=\"https:\/\/yurtdisitransfer.com\/demo\/duyurular\/tayland-ulke-girisinde-yeni-uygulama-2\/\" >\n\t\t\t\tTayland \u00dclke Giri\u015finde Yeni Uygulama\t\t\t<\/a>\n\t\t<\/p>\n\t\t\t\t<\/div>\n\t\t\t\t<\/article>\n\t\t\t\t<article class=\"elementor-post elementor-grid-item post-13 post type-post status-publish format-standard hentry category-arsiv\" role=\"listitem\">\n\t\t\t\t<div class=\"elementor-post__text\">\n\t\t\t\t<p class=\"elementor-post__title\">\n\t\t\t<a href=\"https:\/\/yurtdisitransfer.com\/demo\/duyurular\/thai-havayollari-duyuru\/\" >\n\t\t\t\tTHAI HAVAYOLLARI DUYURU\t\t\t<\/a>\n\t\t<\/p>\n\t\t\t\t<\/div>\n\t\t\t\t<\/article>\n\t\t\t\t<article class=\"elementor-post elementor-grid-item post-89 post type-post status-publish format-standard hentry category-arsiv\" role=\"listitem\">\n\t\t\t\t<div class=\"elementor-post__text\">\n\t\t\t\t<p class=\"elementor-post__title\">\n\t\t\t<a href=\"https:\/\/yurtdisitransfer.com\/demo\/duyurular\/indigo-havayollari-del-bom\/\" >\n\t\t\t\tIndigo ile Delhi ve Mumbai\u2019ye Her G\u00fcn\u00a0 \u0130stanbul\u2019dan Aktarmas\u0131z U\u00e7u\u015flar\t\t\t<\/a>\n\t\t<\/p>\n\t\t\t\t<\/div>\n\t\t\t\t<\/article>\n\t\t\t\t<\/div>\n\t\t\n\t\t\t\t<div class=\"e-load-more-anchor\" data-page=\"1\" data-max-page=\"39\" data-next-page=\"https:\/\/yurtdisitransfer.com\/demo\/wp-json\/wp\/v2\/pages\/271\/page\/2\/\"><\/div>\n\t\t\t\t<nav class=\"elementor-pagination\" aria-label=\"Pagination\">\n\t\t\t<span aria-current=\"page\" class=\"page-numbers current\"><span class=\"elementor-screen-only\">Sayfa<\/span>1<\/span>\n<a class=\"page-numbers\" href=\"https:\/\/yurtdisitransfer.com\/demo\/wp-json\/wp\/v2\/pages\/271\/page\/2\/\"><span class=\"elementor-screen-only\">Sayfa<\/span>2<\/a>\n<a class=\"page-numbers\" href=\"https:\/\/yurtdisitransfer.com\/demo\/wp-json\/wp\/v2\/pages\/271\/page\/3\/\"><span class=\"elementor-screen-only\">Sayfa<\/span>3<\/a>\n<a class=\"page-numbers\" href=\"https:\/\/yurtdisitransfer.com\/demo\/wp-json\/wp\/v2\/pages\/271\/page\/4\/\"><span class=\"elementor-screen-only\">Sayfa<\/span>4<\/a>\n<a class=\"page-numbers\" href=\"https:\/\/yurtdisitransfer.com\/demo\/wp-json\/wp\/v2\/pages\/271\/page\/5\/\"><span class=\"elementor-screen-only\">Sayfa<\/span>5<\/a>\t\t<\/nav>\n\t\t\t\t\t\t<\/div>\n\t\t\t\t<\/div>\n\t\t\t\t\t<\/div>\n\t\t\t\t<\/div>\n\t\t\t\t<\/div>\n\t\t","protected":false},"excerpt":{"rendered":"<p>Our industry experts, cutting-edge research, and strategic business insights are regularly featured in leading global news outlets.<\/p>\n","protected":false},"author":1,"featured_media":0,"parent":0,"menu_order":0,"comment_status":"closed","ping_status":"closed","template":"","meta":{"footnotes":""},"class_list":["post-271","page","type-page","status-publish","hentry"],"_links":{"self":[{"href":"https:\/\/yurtdisitransfer.com\/demo\/wp-json\/wp\/v2\/pages\/271","targetHints":{"allow":["GET"]}}],"collection":[{"href":"https:\/\/yurtdisitransfer.com\/demo\/wp-json\/wp\/v2\/pages"}],"about":[{"href":"https:\/\/yurtdisitransfer.com\/demo\/wp-json\/wp\/v2\/types\/page"}],"author":[{"embeddable":true,"href":"https:\/\/yurtdisitransfer.com\/demo\/wp-json\/wp\/v2\/users\/1"}],"replies":[{"embeddable":true,"href":"https:\/\/yurtdisitransfer.com\/demo\/wp-json\/wp\/v2\/comments?post=271"}],"version-history":[{"count":14,"href":"https:\/\/yurtdisitransfer.com\/demo\/wp-json\/wp\/v2\/pages\/271\/revisions"}],"predecessor-version":[{"id":989372,"href":"https:\/\/yurtdisitransfer.com\/demo\/wp-json\/wp\/v2\/pages\/271\/revisions\/989372"}],"wp:attachment":[{"href":"https:\/\/yurtdisitransfer.com\/demo\/wp-json\/wp\/v2\/media?parent=271"}],"curies":[{"name":"wp","href":"https:\/\/api.w.org\/{rel}","templated":true}]}}