{"id":264,"date":"2025-03-28T07:45:45","date_gmt":"2025-03-28T07:45:45","guid":{"rendered":"https:\/\/execor.vamtam.com\/?page_id=264"},"modified":"2025-07-25T11:17:47","modified_gmt":"2025-07-25T08:17:47","slug":"iletisim","status":"publish","type":"page","link":"https:\/\/yurtdisitransfer.com\/demo\/iletisim\/","title":{"rendered":"\u0130leti\u015fim"},"content":{"rendered":"\t\t<div data-elementor-type=\"wp-page\" data-elementor-id=\"264\" class=\"elementor elementor-264\" data-elementor-post-type=\"page\">\n\t\t\t\t<div class=\"elementor-element elementor-element-3f29e6b e-flex e-con-boxed e-con e-parent\" data-id=\"3f29e6b\" data-element_type=\"container\">\n\t\t\t\t\t<div class=\"e-con-inner\">\n\t\t<a class=\"elementor-element elementor-element-4ed884b elementor-invisible e-con-full animated-fast e-flex e-con e-child\" data-id=\"4ed884b\" data-element_type=\"container\" data-settings=\"{&quot;background_background&quot;:&quot;classic&quot;,&quot;animation&quot;:&quot;fadeIn&quot;,&quot;animation_delay&quot;:0}\" href=\"https:\/\/www.google.com\/maps\/place\/7th+Ave,+New+York,+NY,+USA\/@40.7669479,-73.9816264,17z\/data=!4m6!3m5!1s0x89c259ac19b15cb5:0xed96b53834f934b2!8m2!3d40.7669479!4d-73.9790515!16zL20vMDVtZ3d3?coh=245187&#038;entry=tts&#038;g_ep=EgoyMDI1MDMzMC4wIPu8ASoJLDEwMjExNDUzSAFQAw%3D%3D&#038;skid=6844a913-d3da-4642-91b8-8d0fcde23d53\" target=\"_blank\">\n\t\t\t\t<div class=\"elementor-element elementor-element-299dffd elementor-view-stacked elementor-shape-rounded elementor-position-left elementor-mobile-position-left elementor-widget-mobile__width-initial elementor-widget elementor-widget-icon-box\" data-id=\"299dffd\" data-element_type=\"widget\" data-widget_type=\"icon-box.default\">\n\t\t\t\t<div class=\"elementor-widget-container\">\n\t\t\t\t\t\t\t<div class=\"elementor-icon-box-wrapper\">\n\n\t\t\t\t\t\t<div class=\"elementor-icon-box-icon\">\n\t\t\t\t<span  class=\"elementor-icon\">\n\t\t\t\t<i aria-hidden=\"true\" class=\"vamtamtheme- vamtam-theme-location\"><\/i>\t\t\t\t<\/span>\n\t\t\t<\/div>\n\t\t\t\n\t\t\t\t\t\t<div class=\"elementor-icon-box-content\">\n\n\t\t\t\t\t\t\t\t\t<h6 class=\"elementor-icon-box-title\">\n\t\t\t\t\t\t<span  >\n\t\t\t\t\t\t\tAdres\t\t\t\t\t\t<\/span>\n\t\t\t\t\t<\/h6>\n\t\t\t\t\n\t\t\t\t\t\t\t\t\t<p class=\"elementor-icon-box-description\">\n\t\t\t\t\t\tKocatepe Mah. Cumhuriyet Cad. \u00c7\u0131nar Apt. No: 25\/3, 34437, Elmada\u011f, Beyo\u011flu, \u0130stanbul, T\u00fcrkiye\t\t\t\t\t<\/p>\n\t\t\t\t\n\t\t\t<\/div>\n\t\t\t\n\t\t<\/div>\n\t\t\t\t\t\t<\/div>\n\t\t\t\t<\/div>\n\t\t\t\t<div class=\"vamtam-has-theme-widget-styles elementor-element elementor-element-201491e elementor-view-default elementor-widget elementor-widget-icon\" data-id=\"201491e\" data-element_type=\"widget\" data-widget_type=\"icon.default\">\n\t\t\t\t<div class=\"elementor-widget-container\">\n\t\t\t\t\t\t\t<div class=\"elementor-icon-wrapper\">\n\t\t\t<div class=\"elementor-icon\">\n\t\t\t<i aria-hidden=\"true\" class=\"vamtamtheme- vamtam-theme-arrow-right\"><\/i>\t\t\t<\/div>\n\t\t<\/div>\n\t\t\t\t\t\t<\/div>\n\t\t\t\t<\/div>\n\t\t\t\t<\/a>\n\t\t<a class=\"elementor-element elementor-element-03ad117 elementor-invisible e-con-full animated-fast e-flex e-con e-child\" data-id=\"03ad117\" data-element_type=\"container\" data-settings=\"{&quot;background_background&quot;:&quot;classic&quot;,&quot;animation&quot;:&quot;fadeIn&quot;,&quot;animation_delay&quot;:50}\" href=\"tel:1-800-356-8933\">\n\t\t\t\t<div class=\"elementor-element elementor-element-1d8511d elementor-view-stacked elementor-shape-rounded elementor-position-left elementor-mobile-position-left elementor-widget-mobile__width-initial elementor-widget elementor-widget-icon-box\" data-id=\"1d8511d\" data-element_type=\"widget\" data-widget_type=\"icon-box.default\">\n\t\t\t\t<div class=\"elementor-widget-container\">\n\t\t\t\t\t\t\t<div class=\"elementor-icon-box-wrapper\">\n\n\t\t\t\t\t\t<div class=\"elementor-icon-box-icon\">\n\t\t\t\t<span  class=\"elementor-icon\">\n\t\t\t\t<i aria-hidden=\"true\" class=\"vamtamtheme- vamtam-theme-phone\"><\/i>\t\t\t\t<\/span>\n\t\t\t<\/div>\n\t\t\t\n\t\t\t\t\t\t<div class=\"elementor-icon-box-content\">\n\n\t\t\t\t\t\t\t\t\t<h6 class=\"elementor-icon-box-title\">\n\t\t\t\t\t\t<span  >\n\t\t\t\t\t\t\tSantral\t\t\t\t\t\t<\/span>\n\t\t\t\t\t<\/h6>\n\t\t\t\t\n\t\t\t\t\t\t\t\t\t<p class=\"elementor-icon-box-description\">\n\t\t\t\t\t\t+90 212 334 29 90\n\t\t\t\t\t<\/p>\n\t\t\t\t\n\t\t\t<\/div>\n\t\t\t\n\t\t<\/div>\n\t\t\t\t\t\t<\/div>\n\t\t\t\t<\/div>\n\t\t\t\t<div class=\"vamtam-has-theme-widget-styles elementor-element elementor-element-11ed043 elementor-view-default elementor-widget elementor-widget-icon\" data-id=\"11ed043\" data-element_type=\"widget\" data-widget_type=\"icon.default\">\n\t\t\t\t<div class=\"elementor-widget-container\">\n\t\t\t\t\t\t\t<div class=\"elementor-icon-wrapper\">\n\t\t\t<div class=\"elementor-icon\">\n\t\t\t<i aria-hidden=\"true\" class=\"vamtamtheme- vamtam-theme-arrow-right\"><\/i>\t\t\t<\/div>\n\t\t<\/div>\n\t\t\t\t\t\t<\/div>\n\t\t\t\t<\/div>\n\t\t\t\t<\/a>\n\t\t<a class=\"elementor-element elementor-element-24158a7 elementor-invisible e-con-full animated-fast e-flex e-con e-child\" data-id=\"24158a7\" data-element_type=\"container\" data-settings=\"{&quot;background_background&quot;:&quot;classic&quot;,&quot;animation&quot;:&quot;fadeIn&quot;,&quot;animation_delay&quot;:100}\" href=\"mailto:office@execor.com?subject=Hello\">\n\t\t\t\t<div class=\"elementor-element elementor-element-d80a703 elementor-view-stacked elementor-shape-rounded elementor-position-left elementor-mobile-position-left elementor-widget-mobile__width-initial elementor-widget elementor-widget-icon-box\" data-id=\"d80a703\" data-element_type=\"widget\" data-widget_type=\"icon-box.default\">\n\t\t\t\t<div class=\"elementor-widget-container\">\n\t\t\t\t\t\t\t<div class=\"elementor-icon-box-wrapper\">\n\n\t\t\t\t\t\t<div class=\"elementor-icon-box-icon\">\n\t\t\t\t<span  class=\"elementor-icon\">\n\t\t\t\t<i aria-hidden=\"true\" class=\"vamtamtheme- vamtam-theme-email\"><\/i>\t\t\t\t<\/span>\n\t\t\t<\/div>\n\t\t\t\n\t\t\t\t\t\t<div class=\"elementor-icon-box-content\">\n\n\t\t\t\t\t\t\t\t\t<h6 class=\"elementor-icon-box-title\">\n\t\t\t\t\t\t<span  >\n\t\t\t\t\t\t\tEmail \t\t\t\t\t\t<\/span>\n\t\t\t\t\t<\/h6>\n\t\t\t\t\n\t\t\t\t\t\t\t\t\t<p class=\"elementor-icon-box-description\">\n\t\t\t\t\t\tinfo@airep.com\t\t\t\t\t<\/p>\n\t\t\t\t\n\t\t\t<\/div>\n\t\t\t\n\t\t<\/div>\n\t\t\t\t\t\t<\/div>\n\t\t\t\t<\/div>\n\t\t\t\t<div class=\"vamtam-has-theme-widget-styles elementor-element elementor-element-8a386a6 elementor-view-default elementor-widget elementor-widget-icon\" data-id=\"8a386a6\" data-element_type=\"widget\" data-widget_type=\"icon.default\">\n\t\t\t\t<div class=\"elementor-widget-container\">\n\t\t\t\t\t\t\t<div class=\"elementor-icon-wrapper\">\n\t\t\t<div class=\"elementor-icon\">\n\t\t\t<i aria-hidden=\"true\" class=\"vamtamtheme- vamtam-theme-arrow-right\"><\/i>\t\t\t<\/div>\n\t\t<\/div>\n\t\t\t\t\t\t<\/div>\n\t\t\t\t<\/div>\n\t\t\t\t<\/a>\n\t\t\t\t\t<\/div>\n\t\t\t\t<\/div>\n\t\t<div class=\"elementor-element elementor-element-f42b010 e-flex e-con-boxed e-con e-parent\" data-id=\"f42b010\" data-element_type=\"container\">\n\t\t\t\t\t<div class=\"e-con-inner\">\n\t\t<div class=\"elementor-element elementor-element-e073021 e-con-full e-flex e-con e-child\" data-id=\"e073021\" data-element_type=\"container\">\n\t\t\t\t<div class=\"elementor-element elementor-element-d3890de elementor-widget elementor-widget-text-editor\" data-id=\"d3890de\" data-element_type=\"widget\" data-widget_type=\"text-editor.default\">\n\t\t\t\t<div class=\"elementor-widget-container\">\n\t\t\t\t\t\t\t\t\t<table style=\"width: 100%; border-collapse: collapse; font-family: Arial, sans-serif; font-size: 16px;\">\n  <thead>\n    <tr style=\"background-color: #f2f2f2;\">\n      <th style=\"text-align: left; padding: 10px; border: 1px solid #ccc;\">Birim<\/th>\n      <th style=\"text-align: left; padding: 10px; border: 1px solid #ccc;\">Telefon<\/th>\n    <\/tr>\n  <\/thead>\n  <tbody>\n    <tr>\n      <td style=\"padding: 10px; border: 1px solid #ccc;\">SANTRAL<\/td>\n      <td style=\"padding: 10px; border: 1px solid #ccc;\">+90 212 334 29 90<\/td>\n    <\/tr>\n    <tr>\n      <td style=\"padding: 10px; border: 1px solid #ccc;\">Thai Havayollar\u0131<\/td>\n      <td style=\"padding: 10px; border: 1px solid #ccc;\">+90 212 334 29 50<\/td>\n    <\/tr>\n    <tr>\n      <td style=\"padding: 10px; border: 1px solid #ccc;\">Indigo Havayollar\u0131<\/td>\n      <td style=\"padding: 10px; border: 1px solid #ccc;\">+90 212 334 29 88<\/td>\n    <\/tr>\n    <tr>\n      <td style=\"padding: 10px; border: 1px solid #ccc;\">United Havayollar\u0131<\/td>\n      <td style=\"padding: 10px; border: 1px solid #ccc;\">+90 212 334 29 20<\/td>\n    <\/tr>\n    <tr>\n      <td style=\"padding: 10px; border: 1px solid #ccc;\">Hertz Ara\u00e7 Kiralama &#038; Transfer<\/td>\n      <td style=\"padding: 10px; border: 1px solid #ccc;\">+90 212 334 29 21<\/td>\n    <\/tr>\n    <tr>\n      <td style=\"padding: 10px; border: 1px solid #ccc;\">Thai Havayollar\u0131 Kargo<\/td>\n      <td style=\"padding: 10px; border: 1px solid #ccc;\">+90 212 706 53 30<\/td>\n    <\/tr>\n    <tr>\n      <td style=\"padding: 10px; border: 1px solid #ccc;\">CruiseRep Gemi Turlar\u0131<\/td>\n      <td style=\"padding: 10px; border: 1px solid #ccc;\">+90 212 334 29 22<\/td>\n    <\/tr>\n    <tr>\n      <td style=\"padding: 10px; border: 1px solid #ccc;\">Ara\u00e7 Kiralama Whatsapp Hatt\u0131m\u0131z<\/td>\n      <td style=\"padding: 10px; border: 1px solid #ccc;\">+90 542 358 21 67<\/td>\n    <\/tr>\n    <tr>\n      <td style=\"padding: 10px; border: 1px solid #ccc;\">Transfer Hizmetleri Whatsapp Hatt\u0131m\u0131z<\/td>\n      <td style=\"padding: 10px; border: 1px solid #ccc;\">+90 533 045 30 17<\/td>\n    <\/tr>\n  <\/tbody>\n<\/table>\n\t\t\t\t\t\t\t\t<\/div>\n\t\t\t\t<\/div>\n\t\t\t\t<div class=\"elementor-element elementor-element-0e271a7 elementor-widget elementor-widget-text-editor\" data-id=\"0e271a7\" data-element_type=\"widget\" data-widget_type=\"text-editor.default\">\n\t\t\t\t<div class=\"elementor-widget-container\">\n\t\t\t\t\t\t\t\t\t<table style=\"width: 100%; border-collapse: collapse; font-family: Arial, sans-serif; font-size: 16px;\">\n  <thead>\n    <tr style=\"background-color: #f2f2f2;\">\n      <th style=\"text-align: left; padding: 10px; border: 1px solid #ccc;\">Ad Soyad<\/th>\n      <th style=\"text-align: left; padding: 10px; border: 1px solid #ccc;\">Pozisyon<\/th>\n      <th style=\"text-align: left; padding: 10px; border: 1px solid #ccc;\">E-Posta<\/th>\n    <\/tr>\n  <\/thead>\n  <tbody>\n    <tr>\n      <td style=\"padding: 10px; border: 1px solid #ccc;\">Tolga Ta\u015fkesen<\/td>\n      <td style=\"padding: 10px; border: 1px solid #ccc;\">General Manager<\/td>\n      <td style=\"padding: 10px; border: 1px solid #ccc;\">tolga@airep.com<\/td>\n    <\/tr>\n    <tr>\n      <td style=\"padding: 10px; border: 1px solid #ccc;\">Mehmet \u015eahan<\/td>\n      <td style=\"padding: 10px; border: 1px solid #ccc;\">Sales Manager<\/td>\n      <td style=\"padding: 10px; border: 1px solid #ccc;\">mehmet@airep.com<\/td>\n    <\/tr>\n    <tr>\n      <td style=\"padding: 10px; border: 1px solid #ccc;\">Metin Serim<\/td>\n      <td style=\"padding: 10px; border: 1px solid #ccc;\">Airline Account Manager<\/td>\n      <td style=\"padding: 10px; border: 1px solid #ccc;\">metin@airep.com<\/td>\n    <\/tr>\n    <tr>\n      <td style=\"padding: 10px; border: 1px solid #ccc;\">Laura Terziyan<\/td>\n      <td style=\"padding: 10px; border: 1px solid #ccc;\">Airline Reservation &#038; Ticketing Executive<\/td>\n      <td style=\"padding: 10px; border: 1px solid #ccc;\">laura@airep.com<\/td>\n    <\/tr>\n    <tr>\n      <td style=\"padding: 10px; border: 1px solid #ccc;\">Ay\u015feg\u00fcl S\u00fct\u00e7\u00fc<\/td>\n      <td style=\"padding: 10px; border: 1px solid #ccc;\">Airline Reservation &#038; Ticketing Executive<\/td>\n      <td style=\"padding: 10px; border: 1px solid #ccc;\">aysegul@airep.com<\/td>\n    <\/tr>\n    <tr>\n      <td style=\"padding: 10px; border: 1px solid #ccc;\">Janin Panayotu<\/td>\n      <td style=\"padding: 10px; border: 1px solid #ccc;\">Hertz Car Rental Supervisor<\/td>\n      <td style=\"padding: 10px; border: 1px solid #ccc;\">janin@airep.com<\/td>\n    <\/tr>\n    <tr>\n      <td style=\"padding: 10px; border: 1px solid #ccc;\">Mustafa Hocao\u011flu<\/td>\n      <td style=\"padding: 10px; border: 1px solid #ccc;\">Transfer Services Supervisor<\/td>\n      <td style=\"padding: 10px; border: 1px solid #ccc;\">m.hocaoglu@airep.com<\/td>\n    <\/tr>\n    <tr>\n      <td style=\"padding: 10px; border: 1px solid #ccc;\">Selen Var\u0131\u015f \u015eahin<\/td>\n      <td style=\"padding: 10px; border: 1px solid #ccc;\">Cruise Department Manager<\/td>\n      <td style=\"padding: 10px; border: 1px solid #ccc;\">selen@airep.com<\/td>\n    <\/tr>\n    <tr>\n      <td style=\"padding: 10px; border: 1px solid #ccc;\">Merve Babaiban<\/td>\n      <td style=\"padding: 10px; border: 1px solid #ccc;\">Cruise Executive<\/td>\n      <td style=\"padding: 10px; border: 1px solid #ccc;\">merve@airep.com<\/td>\n    <\/tr>\n    <tr>\n      <td style=\"padding: 10px; border: 1px solid #ccc;\">\u0130nci Kaplan<\/td>\n      <td style=\"padding: 10px; border: 1px solid #ccc;\">Account Manager<\/td>\n      <td style=\"padding: 10px; border: 1px solid #ccc;\">inci@airep.com<\/td>\n    <\/tr>\n    <tr>\n      <td style=\"padding: 10px; border: 1px solid #ccc;\">Meryem Artan<\/td>\n      <td style=\"padding: 10px; border: 1px solid #ccc;\">Accountant<\/td>\n      <td style=\"padding: 10px; border: 1px solid #ccc;\">meryem@airep.com<\/td>\n    <\/tr>\n    <tr>\n      <td style=\"padding: 10px; border: 1px solid #ccc;\">Beyza Kabas<\/td>\n      <td style=\"padding: 10px; border: 1px solid #ccc;\">Airline Cargo Manager<\/td>\n      <td style=\"padding: 10px; border: 1px solid #ccc;\">beyza@airep.com<\/td>\n    <\/tr>\n    <tr>\n      <td style=\"padding: 10px; border: 1px solid #ccc;\">Mustafa Enes Akbaba<\/td>\n      <td style=\"padding: 10px; border: 1px solid #ccc;\">Airline Cargo Executive<\/td>\n      <td style=\"padding: 10px; border: 1px solid #ccc;\">mustafa@airep.com<\/td>\n    <\/tr>\n  <\/tbody>\n<\/table>\n\t\t\t\t\t\t\t\t<\/div>\n\t\t\t\t<\/div>\n\t\t\t\t<\/div>\n\t\t<div class=\"elementor-element elementor-element-87d86db e-con-full e-flex e-con e-child\" data-id=\"87d86db\" data-element_type=\"container\">\n\t\t<div class=\"elementor-element elementor-element-dfdaf3f elementor-invisible e-con-full animated-fast e-flex e-con e-child\" data-id=\"dfdaf3f\" data-element_type=\"container\" data-settings=\"{&quot;background_background&quot;:&quot;classic&quot;,&quot;animation&quot;:&quot;slideInUp&quot;}\">\n\t\t\t\t<div class=\"elementor-element elementor-element-22680cf elementor-widget elementor-widget-heading\" data-id=\"22680cf\" data-element_type=\"widget\" data-widget_type=\"heading.default\">\n\t\t\t\t<div class=\"elementor-widget-container\">\n\t\t\t\t\t<h5 class=\"elementor-heading-title elementor-size-default\">\u0130leti\u015fim Formu<\/h5>\t\t\t\t<\/div>\n\t\t\t\t<\/div>\n\t\t\t\t<div class=\"vamtam-has-theme-widget-styles elementor-element elementor-element-bf98b48 elementor-invisible elementor-absolute animated-fast elementor-view-default elementor-widget elementor-widget-icon\" data-id=\"bf98b48\" data-element_type=\"widget\" data-settings=\"{&quot;_position&quot;:&quot;absolute&quot;,&quot;_animation&quot;:&quot;slideInLeft&quot;,&quot;_animation_delay&quot;:50}\" data-widget_type=\"icon.default\">\n\t\t\t\t<div class=\"elementor-widget-container\">\n\t\t\t\t\t\t\t<div class=\"elementor-icon-wrapper\">\n\t\t\t<div class=\"elementor-icon\">\n\t\t\t<i aria-hidden=\"true\" class=\"vamtamtheme- vamtam-theme-send\"><\/i>\t\t\t<\/div>\n\t\t<\/div>\n\t\t\t\t\t\t<\/div>\n\t\t\t\t<\/div>\n\t\t\t\t<\/div>\n\t\t<div class=\"elementor-element elementor-element-8aa0422 e-con-full e-flex e-con e-child\" data-id=\"8aa0422\" data-element_type=\"container\" data-settings=\"{&quot;background_background&quot;:&quot;classic&quot;}\">\n\t\t\t\t<div class=\"vamtam-has-theme-widget-styles elementor-element elementor-element-7655e08 elementor-button-align-stretch elementor-widget elementor-widget-form\" data-id=\"7655e08\" data-element_type=\"widget\" data-settings=\"{&quot;button_width&quot;:&quot;40&quot;,&quot;step_next_label&quot;:&quot;Next&quot;,&quot;step_previous_label&quot;:&quot;Previous&quot;,&quot;step_type&quot;:&quot;number_text&quot;,&quot;step_icon_shape&quot;:&quot;circle&quot;}\" data-widget_type=\"form.default\">\n\t\t\t\t<div class=\"elementor-widget-container\">\n\t\t\t\t\t\t\t<form class=\"elementor-form\" method=\"post\" name=\"Contact Form\" aria-label=\"Contact Form\">\n\t\t\t<input type=\"hidden\" name=\"post_id\" value=\"264\"\/>\n\t\t\t<input type=\"hidden\" name=\"form_id\" value=\"7655e08\"\/>\n\t\t\t<input type=\"hidden\" name=\"referer_title\" value=\"\u0130leti\u015fim\" \/>\n\n\t\t\t\t\t\t\t<input type=\"hidden\" name=\"queried_id\" value=\"264\"\/>\n\t\t\t\n\t\t\t<div class=\"elementor-form-fields-wrapper elementor-labels-above\">\n\t\t\t\t\t\t\t\t<div class=\"elementor-field-type-text elementor-field-group elementor-column elementor-field-group-name_contact_form elementor-col-50 elementor-field-required\">\n\t\t\t\t\t\t\t\t\t\t\t\t<label for=\"form-field-name_contact_form\" class=\"elementor-field-label\">\n\t\t\t\t\t\t\t\tFirst name\t\t\t\t\t\t\t<\/label>\n\t\t\t\t\t\t\t\t\t\t\t\t\t\t<input size=\"1\" type=\"text\" name=\"form_fields[name_contact_form]\" id=\"form-field-name_contact_form\" class=\"elementor-field elementor-size-sm  elementor-field-textual\" required=\"required\">\n\t\t\t\t\t\t\t\t\t\t\t<\/div>\n\t\t\t\t\t\t\t\t<div class=\"elementor-field-type-text elementor-field-group elementor-column elementor-field-group-last_name_contact_form elementor-col-50 elementor-field-required\">\n\t\t\t\t\t\t\t\t\t\t\t\t<label for=\"form-field-last_name_contact_form\" class=\"elementor-field-label\">\n\t\t\t\t\t\t\t\tLast name\t\t\t\t\t\t\t<\/label>\n\t\t\t\t\t\t\t\t\t\t\t\t\t\t<input size=\"1\" type=\"text\" name=\"form_fields[last_name_contact_form]\" id=\"form-field-last_name_contact_form\" class=\"elementor-field elementor-size-sm  elementor-field-textual\" required=\"required\">\n\t\t\t\t\t\t\t\t\t\t\t<\/div>\n\t\t\t\t\t\t\t\t<div class=\"elementor-field-type-email elementor-field-group elementor-column elementor-field-group-email_contact_form elementor-col-100 elementor-field-required\">\n\t\t\t\t\t\t\t\t\t\t\t\t<label for=\"form-field-email_contact_form\" class=\"elementor-field-label\">\n\t\t\t\t\t\t\t\tEmail\t\t\t\t\t\t\t<\/label>\n\t\t\t\t\t\t\t\t\t\t\t\t\t\t<input size=\"1\" type=\"email\" name=\"form_fields[email_contact_form]\" id=\"form-field-email_contact_form\" class=\"elementor-field elementor-size-sm  elementor-field-textual\" required=\"required\">\n\t\t\t\t\t\t\t\t\t\t\t<\/div>\n\t\t\t\t\t\t\t\t<div class=\"elementor-field-type-tel elementor-field-group elementor-column elementor-field-group-phone_contact_form elementor-col-100 elementor-field-required\">\n\t\t\t\t\t\t\t\t\t\t\t\t<label for=\"form-field-phone_contact_form\" class=\"elementor-field-label\">\n\t\t\t\t\t\t\t\tPhone\t\t\t\t\t\t\t<\/label>\n\t\t\t\t\t\t\t\t<input size=\"1\" type=\"tel\" name=\"form_fields[phone_contact_form]\" id=\"form-field-phone_contact_form\" class=\"elementor-field elementor-size-sm  elementor-field-textual\" required=\"required\" pattern=\"[0-9()#&amp;+*-=.]+\" title=\"Only numbers and phone characters (#, -, *, etc) are accepted.\">\n\n\t\t\t\t\t\t<\/div>\n\t\t\t\t\t\t\t\t<div class=\"elementor-field-type-textarea elementor-field-group elementor-column elementor-field-group-message_contact_form elementor-col-100 elementor-field-required\">\n\t\t\t\t\t\t\t\t\t\t\t\t<label for=\"form-field-message_contact_form\" class=\"elementor-field-label\">\n\t\t\t\t\t\t\t\tMessage\t\t\t\t\t\t\t<\/label>\n\t\t\t\t\t\t<textarea class=\"elementor-field-textual elementor-field  elementor-size-sm\" name=\"form_fields[message_contact_form]\" id=\"form-field-message_contact_form\" rows=\"6\" placeholder=\"To better assist you, please describe how we can help...\" required=\"required\"><\/textarea>\t\t\t\t<\/div>\n\t\t\t\t\t\t\t\t<div class=\"elementor-field-group elementor-column elementor-field-type-submit elementor-col-40 e-form__buttons\">\n\t\t\t\t\t<button class=\"elementor-button elementor-size-sm\" type=\"submit\">\n\t\t\t\t\t\t<span class=\"elementor-button-content-wrapper\">\n\t\t\t\t\t\t\t\t\t\t\t\t\t\t\t<span class=\"elementor-button-icon\">\n\t\t\t\t\t\t\t\t\t<i aria-hidden=\"true\" class=\"vamtamtheme- vamtam-theme-arrow-right\"><\/i>\t\t\t\t\t\t\t\t\t\t\t\t\t\t\t\t\t<\/span>\n\t\t\t\t\t\t\t\t\t\t\t\t\t\t\t\t\t\t\t\t\t\t<span class=\"elementor-button-text\">Submit<\/span>\n\t\t\t\t\t\t\t\t\t\t\t\t\t<\/span>\n\t\t\t\t\t<\/button>\n\t\t\t\t<\/div>\n\t\t\t<\/div>\n\t\t<\/form>\n\t\t\t\t\t\t<\/div>\n\t\t\t\t<\/div>\n\t\t\t\t<div class=\"elementor-element elementor-element-7eb3ab0 elementor-widget-divider--view-line elementor-widget elementor-widget-divider\" data-id=\"7eb3ab0\" data-element_type=\"widget\" data-widget_type=\"divider.default\">\n\t\t\t\t<div class=\"elementor-widget-container\">\n\t\t\t\t\t\t\t<div class=\"elementor-divider\">\n\t\t\t<span class=\"elementor-divider-separator\">\n\t\t\t\t\t\t<\/span>\n\t\t<\/div>\n\t\t\t\t\t\t<\/div>\n\t\t\t\t<\/div>\n\t\t\t\t<div class=\"elementor-element elementor-element-38c3fa6 elementor-widget__width-initial elementor-widget-mobile__width-inherit elementor-widget elementor-widget-text-editor\" data-id=\"38c3fa6\" data-element_type=\"widget\" data-widget_type=\"text-editor.default\">\n\t\t\t\t<div class=\"elementor-widget-container\">\n\t\t\t\t\t\t\t\t\t<p>Bu formu g\u00f6ndererek <strong>Gizlilik Politikam\u0131z\u0131<\/strong> kabul etmi\u015f olursunuz. Optimum, randevu planlama veya pazarlama amac\u0131yla sizinle e-posta veya telefon yoluyla ileti\u015fime ge\u00e7ebilir..<\/p>\t\t\t\t\t\t\t\t<\/div>\n\t\t\t\t<\/div>\n\t\t\t\t<\/div>\n\t\t\t\t<\/div>\n\t\t\t\t\t<\/div>\n\t\t\t\t<\/div>\n\t\t<div class=\"elementor-element elementor-element-9a69cb3 e-con-full e-flex e-con e-parent\" data-id=\"9a69cb3\" data-element_type=\"container\">\n\t\t\t\t<div class=\"elementor-element elementor-element-9eda00f elementor-widget elementor-widget-html\" data-id=\"9eda00f\" data-element_type=\"widget\" data-widget_type=\"html.default\">\n\t\t\t\t<div class=\"elementor-widget-container\">\n\t\t\t\t\t<iframe src=\"https:\/\/www.google.com\/maps\/embed?pb=!1m18!1m12!1m3!1d3009.308025814867!2d28.983451076553187!3d41.04039261744595!2m3!1f0!2f0!3f0!3m2!1i1024!2i768!4f13.1!3m3!1m2!1s0x14cab7653c7b4831%3A0x4fc5e55e1fe82a44!2sAirep%20GSA!5e0!3m2!1str!2str!4v1753431305343!5m2!1str!2str\" width=\"600\" height=\"450\" style=\"border:0;\" allowfullscreen=\"\" loading=\"lazy\" referrerpolicy=\"no-referrer-when-downgrade\"><\/iframe>\t\t\t\t<\/div>\n\t\t\t\t<\/div>\n\t\t\t\t<\/div>\n\t\t\t\t<\/div>\n\t\t","protected":false},"excerpt":{"rendered":"<p>Sizinle Ba\u011flant\u0131 Kurmay\u0131 Sab\u0131rs\u0131zl\u0131kla Bekliyoruz<\/p>\n","protected":false},"author":1,"featured_media":0,"parent":0,"menu_order":0,"comment_status":"closed","ping_status":"closed","template":"","meta":{"footnotes":""},"class_list":["post-264","page","type-page","status-publish","hentry"],"_links":{"self":[{"href":"https:\/\/yurtdisitransfer.com\/demo\/wp-json\/wp\/v2\/pages\/264","targetHints":{"allow":["GET"]}}],"collection":[{"href":"https:\/\/yurtdisitransfer.com\/demo\/wp-json\/wp\/v2\/pages"}],"about":[{"href":"https:\/\/yurtdisitransfer.com\/demo\/wp-json\/wp\/v2\/types\/page"}],"author":[{"embeddable":true,"href":"https:\/\/yurtdisitransfer.com\/demo\/wp-json\/wp\/v2\/users\/1"}],"replies":[{"embeddable":true,"href":"https:\/\/yurtdisitransfer.com\/demo\/wp-json\/wp\/v2\/comments?post=264"}],"version-history":[{"count":8,"href":"https:\/\/yurtdisitransfer.com\/demo\/wp-json\/wp\/v2\/pages\/264\/revisions"}],"predecessor-version":[{"id":988046,"href":"https:\/\/yurtdisitransfer.com\/demo\/wp-json\/wp\/v2\/pages\/264\/revisions\/988046"}],"wp:attachment":[{"href":"https:\/\/yurtdisitransfer.com\/demo\/wp-json\/wp\/v2\/media?parent=264"}],"curies":[{"name":"wp","href":"https:\/\/api.w.org\/{rel}","templated":true}]}}