{"id":258,"date":"2025-03-28T07:44:48","date_gmt":"2025-03-28T07:44:48","guid":{"rendered":"https:\/\/execor.vamtam.com\/?page_id=258"},"modified":"2025-09-18T10:15:22","modified_gmt":"2025-09-18T07:15:22","slug":"hakkimizda","status":"publish","type":"page","link":"https:\/\/yurtdisitransfer.com\/demo\/hakkimizda\/","title":{"rendered":"Hakk\u0131m\u0131zda"},"content":{"rendered":"\t\t<div data-elementor-type=\"wp-page\" data-elementor-id=\"258\" class=\"elementor elementor-258\" data-elementor-post-type=\"page\">\n\t\t\t\t<div class=\"elementor-element elementor-element-9752098 e-flex e-con-boxed e-con e-parent\" data-id=\"9752098\" data-element_type=\"container\">\n\t\t\t\t\t<div class=\"e-con-inner\">\n\t\t<div class=\"elementor-element elementor-element-69bc937 e-con-full e-flex e-con e-child\" data-id=\"69bc937\" data-element_type=\"container\">\n\t\t\t\t<div class=\"elementor-element elementor-element-53f345a elementor-widget elementor-widget-image\" data-id=\"53f345a\" data-element_type=\"widget\" data-widget_type=\"image.default\">\n\t\t\t\t<div class=\"elementor-widget-container\">\n\t\t\t\t\t\t\t\t\t\t\t\t\t\t\t<img fetchpriority=\"high\" decoding=\"async\" width=\"650\" height=\"500\" src=\"https:\/\/yurtdisitransfer.com\/demo\/wp-content\/uploads\/2025\/07\/airep-hk-2.jpg\" class=\"attachment-large size-large wp-image-988194\" alt=\"\" srcset=\"https:\/\/yurtdisitransfer.com\/demo\/wp-content\/uploads\/2025\/07\/airep-hk-2.jpg 650w, https:\/\/yurtdisitransfer.com\/demo\/wp-content\/uploads\/2025\/07\/airep-hk-2-300x231.jpg 300w\" sizes=\"(max-width: 650px) 100vw, 650px\" \/>\t\t\t\t\t\t\t\t\t\t\t\t\t\t\t<\/div>\n\t\t\t\t<\/div>\n\t\t\t\t<\/div>\n\t\t<div class=\"elementor-element elementor-element-4f8fc76 e-con-full e-flex e-con e-child\" data-id=\"4f8fc76\" data-element_type=\"container\" data-settings=\"{&quot;animation&quot;:&quot;none&quot;}\">\n\t\t\t\t<div class=\"elementor-element elementor-element-1e4b460 elementor-invisible elementor-widget-tablet__width-inherit animated-fast elementor-widget elementor-widget-heading\" data-id=\"1e4b460\" data-element_type=\"widget\" data-settings=\"{&quot;_animation&quot;:&quot;slideInUp&quot;,&quot;_animation_delay&quot;:50}\" data-widget_type=\"heading.default\">\n\t\t\t\t<div class=\"elementor-widget-container\">\n\t\t\t\t\t<h2 class=\"elementor-heading-title elementor-size-default\">AiRep Havac\u0131l\u0131k ve Turizm A.\u015e<\/h2>\t\t\t\t<\/div>\n\t\t\t\t<\/div>\n\t\t\t\t<div class=\"elementor-element elementor-element-d8eae22 elementor-invisible elementor-widget-tablet__width-inherit animated-fast elementor-widget elementor-widget-text-editor\" data-id=\"d8eae22\" data-element_type=\"widget\" data-settings=\"{&quot;_animation&quot;:&quot;fadeIn&quot;,&quot;_animation_delay&quot;:200}\" data-widget_type=\"text-editor.default\">\n\t\t\t\t<div class=\"elementor-widget-container\">\n\t\t\t\t\t\t\t\t\t<p data-start=\"615\" data-end=\"908\">AiRep Havac\u0131l\u0131k ve Turizm A.\u015e., 1992 y\u0131l\u0131nda havayolu \u015firketleri ve turizm \u00fcr\u00fcnlerinin temsilcili\u011fini yapmak amac\u0131yla kurulmu\u015ftur. Kurulu\u015fundan bu yana ge\u00e7en 30 y\u0131l\u0131 a\u015fk\u0131n s\u00fcrede, m\u00fc\u015fteri memnuniyetini temel ilke edinerek sekt\u00f6rde g\u00fcvenilirli\u011fini ve uzmanl\u0131\u011f\u0131n\u0131 kan\u0131tlam\u0131\u015ft\u0131r.<\/p><p data-start=\"910\" data-end=\"1192\">Bug\u00fcn AiRep, yolcu ve kargo ta\u015f\u0131mac\u0131l\u0131\u011f\u0131 alan\u0131nda faaliyet g\u00f6steren bir\u00e7ok uluslararas\u0131 havayolu \u015firketinin T\u00fcrkiye temsilcili\u011fini \u00fcstlenmektedir. Ayn\u0131 zamanda, turizm sekt\u00f6r\u00fcne y\u00f6nelik \u00e7e\u015fitli firmalara da pazarlama, sat\u0131\u015f ve operasyonel alanlarda profesyonel \u00e7\u00f6z\u00fcmler sunmaktad\u0131r.<\/p><p data-start=\"1194\" data-end=\"1469\">Geli\u015fen sekt\u00f6r dinamiklerine h\u0131zla adapte olan yap\u0131m\u0131z ve deneyimli ekibimizle, m\u00fc\u015fterilerimize her zaman en g\u00fcncel, etkili ve kaliteli hizmeti sunmay\u0131 ama\u00e7l\u0131yoruz. \u0130\u015f ortaklar\u0131m\u0131z i\u00e7in sadece bir temsilci de\u011fil, ayn\u0131 zamanda stratejik bir \u00e7\u00f6z\u00fcm orta\u011f\u0131 olarak konumlan\u0131yoruz.<\/p>\t\t\t\t\t\t\t\t<\/div>\n\t\t\t\t<\/div>\n\t\t\t\t<\/div>\n\t\t\t\t\t<\/div>\n\t\t\t\t<\/div>\n\t\t<div class=\"elementor-element elementor-element-ed4b9c8 e-flex e-con-boxed e-con e-parent\" data-id=\"ed4b9c8\" data-element_type=\"container\">\n\t\t\t\t\t<div class=\"e-con-inner\">\n\t\t\t\t<div class=\"elementor-element elementor-element-9651eea elementor-invisible elementor-widget-tablet__width-inherit animated-fast elementor-widget elementor-widget-heading\" data-id=\"9651eea\" data-element_type=\"widget\" data-settings=\"{&quot;_animation&quot;:&quot;slideInUp&quot;,&quot;_animation_delay&quot;:50}\" data-widget_type=\"heading.default\">\n\t\t\t\t<div class=\"elementor-widget-container\">\n\t\t\t\t\t<h2 class=\"elementor-heading-title elementor-size-default\">Temsilciliklerimiz<\/h2>\t\t\t\t<\/div>\n\t\t\t\t<\/div>\n\t\t\t\t\t<\/div>\n\t\t\t\t<\/div>\n\t\t<div class=\"elementor-element elementor-element-3e8d39b7 e-flex e-con-boxed e-con e-parent\" data-id=\"3e8d39b7\" data-element_type=\"container\">\n\t\t\t\t\t<div class=\"e-con-inner\">\n\t\t\t\t<div class=\"elementor-element elementor-element-24b79683 elementor-invisible animated-fast elementor-widget-mobile__width-initial elementor-widget elementor-widget-image\" data-id=\"24b79683\" data-element_type=\"widget\" data-settings=\"{&quot;_animation&quot;:&quot;slideInUp&quot;}\" data-widget_type=\"image.default\">\n\t\t\t\t<div class=\"elementor-widget-container\">\n\t\t\t\t\t\t\t\t\t\t\t\t\t\t\t\t<a href=\"https:\/\/yurtdisitransfer.com\/demo\/thai-havayollari\/\">\n\t\t\t\t\t\t\t<img decoding=\"async\" width=\"268\" height=\"100\" src=\"https:\/\/yurtdisitransfer.com\/demo\/wp-content\/uploads\/2025\/06\/thai.png\" class=\"attachment-medium size-medium wp-image-987663\" alt=\"\" \/>\t\t\t\t\t\t\t\t<\/a>\n\t\t\t\t\t\t\t\t\t\t\t\t\t\t\t<\/div>\n\t\t\t\t<\/div>\n\t\t\t\t<div class=\"elementor-element elementor-element-c234bd0 elementor-invisible animated-fast elementor-widget-mobile__width-initial elementor-widget elementor-widget-image\" data-id=\"c234bd0\" data-element_type=\"widget\" data-settings=\"{&quot;_animation&quot;:&quot;slideInUp&quot;,&quot;_animation_delay&quot;:50}\" data-widget_type=\"image.default\">\n\t\t\t\t<div class=\"elementor-widget-container\">\n\t\t\t\t\t\t\t\t\t\t\t\t\t\t\t\t<a href=\"https:\/\/yurtdisitransfer.com\/demo\/hertz\/\">\n\t\t\t\t\t\t\t<img decoding=\"async\" width=\"230\" height=\"100\" src=\"https:\/\/yurtdisitransfer.com\/demo\/wp-content\/uploads\/2025\/06\/hertz.png\" class=\"attachment-medium size-medium wp-image-987661\" alt=\"\" \/>\t\t\t\t\t\t\t\t<\/a>\n\t\t\t\t\t\t\t\t\t\t\t\t\t\t\t<\/div>\n\t\t\t\t<\/div>\n\t\t\t\t<div class=\"elementor-element elementor-element-67752871 elementor-invisible animated-fast elementor-widget-mobile__width-initial elementor-widget elementor-widget-image\" data-id=\"67752871\" data-element_type=\"widget\" data-settings=\"{&quot;_animation&quot;:&quot;slideInUp&quot;,&quot;_animation_delay&quot;:100}\" data-widget_type=\"image.default\">\n\t\t\t\t<div class=\"elementor-widget-container\">\n\t\t\t\t\t\t\t\t\t\t\t\t\t\t\t\t<a href=\"https:\/\/yurtdisitransfer.com\/demo\/thai-cargo\/\">\n\t\t\t\t\t\t\t<img loading=\"lazy\" decoding=\"async\" width=\"198\" height=\"100\" src=\"https:\/\/yurtdisitransfer.com\/demo\/wp-content\/uploads\/2025\/06\/thai-cargo.png\" class=\"attachment-medium size-medium wp-image-987664\" alt=\"\" \/>\t\t\t\t\t\t\t\t<\/a>\n\t\t\t\t\t\t\t\t\t\t\t\t\t\t\t<\/div>\n\t\t\t\t<\/div>\n\t\t\t\t<div class=\"elementor-element elementor-element-2710d19b elementor-invisible animated-fast elementor-widget-mobile__width-initial elementor-widget elementor-widget-image\" data-id=\"2710d19b\" data-element_type=\"widget\" data-settings=\"{&quot;_animation&quot;:&quot;slideInUp&quot;,&quot;_animation_delay&quot;:200}\" data-widget_type=\"image.default\">\n\t\t\t\t<div class=\"elementor-widget-container\">\n\t\t\t\t\t\t\t\t\t\t\t\t\t\t\t\t<a href=\"https:\/\/yurtdisitransfer.com\/demo\/hertz-driveu\/\">\n\t\t\t\t\t\t\t<img loading=\"lazy\" decoding=\"async\" width=\"300\" height=\"67\" src=\"https:\/\/yurtdisitransfer.com\/demo\/wp-content\/uploads\/2025\/06\/hertz-drive-u-300x67.png\" class=\"attachment-medium size-medium wp-image-987666\" alt=\"\" srcset=\"https:\/\/yurtdisitransfer.com\/demo\/wp-content\/uploads\/2025\/06\/hertz-drive-u-300x67.png 300w, https:\/\/yurtdisitransfer.com\/demo\/wp-content\/uploads\/2025\/06\/hertz-drive-u.png 448w\" sizes=\"(max-width: 300px) 100vw, 300px\" \/>\t\t\t\t\t\t\t\t<\/a>\n\t\t\t\t\t\t\t\t\t\t\t\t\t\t\t<\/div>\n\t\t\t\t<\/div>\n\t\t\t\t<div class=\"elementor-element elementor-element-11506234 elementor-invisible animated-fast elementor-widget-mobile__width-initial elementor-widget elementor-widget-image\" data-id=\"11506234\" data-element_type=\"widget\" data-settings=\"{&quot;_animation&quot;:&quot;slideInUp&quot;,&quot;_animation_delay&quot;:250}\" data-widget_type=\"image.default\">\n\t\t\t\t<div class=\"elementor-widget-container\">\n\t\t\t\t\t\t\t\t\t\t\t\t\t\t\t\t<a href=\"https:\/\/yurtdisitransfer.com\/demo\/indigo-havayollari\/\">\n\t\t\t\t\t\t\t<img loading=\"lazy\" decoding=\"async\" width=\"300\" height=\"81\" src=\"https:\/\/yurtdisitransfer.com\/demo\/wp-content\/uploads\/2025\/06\/indigo-300x81.png\" class=\"attachment-medium size-medium wp-image-987662\" alt=\"\" srcset=\"https:\/\/yurtdisitransfer.com\/demo\/wp-content\/uploads\/2025\/06\/indigo-300x81.png 300w, https:\/\/yurtdisitransfer.com\/demo\/wp-content\/uploads\/2025\/06\/indigo.png 372w\" sizes=\"(max-width: 300px) 100vw, 300px\" \/>\t\t\t\t\t\t\t\t<\/a>\n\t\t\t\t\t\t\t\t\t\t\t\t\t\t\t<\/div>\n\t\t\t\t<\/div>\n\t\t\t\t\t<\/div>\n\t\t\t\t<\/div>\n\t\t<div class=\"elementor-element elementor-element-d4e2359 e-flex e-con-boxed e-con e-parent\" data-id=\"d4e2359\" data-element_type=\"container\">\n\t\t\t\t\t<div class=\"e-con-inner\">\n\t\t<div class=\"elementor-element elementor-element-3f94671 e-con-full e-flex e-con e-child\" data-id=\"3f94671\" data-element_type=\"container\" data-settings=\"{&quot;animation&quot;:&quot;none&quot;}\">\n\t\t\t\t<div class=\"elementor-element elementor-element-2f52712 elementor-invisible elementor-widget-tablet__width-inherit animated-fast elementor-widget elementor-widget-heading\" data-id=\"2f52712\" data-element_type=\"widget\" data-settings=\"{&quot;_animation&quot;:&quot;slideInUp&quot;,&quot;_animation_delay&quot;:50}\" data-widget_type=\"heading.default\">\n\t\t\t\t<div class=\"elementor-widget-container\">\n\t\t\t\t\t<h2 class=\"elementor-heading-title elementor-size-default\">Vizyonumuz<\/h2>\t\t\t\t<\/div>\n\t\t\t\t<\/div>\n\t\t\t\t<div class=\"elementor-element elementor-element-86c9bdd elementor-invisible elementor-widget-tablet__width-inherit animated-fast elementor-widget elementor-widget-text-editor\" data-id=\"86c9bdd\" data-element_type=\"widget\" data-settings=\"{&quot;_animation&quot;:&quot;fadeIn&quot;,&quot;_animation_delay&quot;:200}\" data-widget_type=\"text-editor.default\">\n\t\t\t\t<div class=\"elementor-widget-container\">\n\t\t\t\t\t\t\t\t\t<p data-start=\"1471\" data-end=\"1606\">Havac\u0131l\u0131k ve turizm alan\u0131nda b\u00f6lgesel lider temsilci olarak, uluslararas\u0131 markalar\u0131n b\u00fcy\u00fcme hedeflerine de\u011fer katmak.<\/p>\t\t\t\t\t\t\t\t<\/div>\n\t\t\t\t<\/div>\n\t\t\t\t<div class=\"elementor-element elementor-element-02c26d9 elementor-invisible elementor-widget-tablet__width-inherit animated-fast elementor-widget elementor-widget-heading\" data-id=\"02c26d9\" data-element_type=\"widget\" data-settings=\"{&quot;_animation&quot;:&quot;slideInUp&quot;,&quot;_animation_delay&quot;:50}\" data-widget_type=\"heading.default\">\n\t\t\t\t<div class=\"elementor-widget-container\">\n\t\t\t\t\t<h2 class=\"elementor-heading-title elementor-size-default\">Misyonumuz<\/h2>\t\t\t\t<\/div>\n\t\t\t\t<\/div>\n\t\t\t\t<div class=\"elementor-element elementor-element-066f35f elementor-invisible elementor-widget-tablet__width-inherit animated-fast elementor-widget elementor-widget-text-editor\" data-id=\"066f35f\" data-element_type=\"widget\" data-settings=\"{&quot;_animation&quot;:&quot;fadeIn&quot;,&quot;_animation_delay&quot;:200}\" data-widget_type=\"text-editor.default\">\n\t\t\t\t<div class=\"elementor-widget-container\">\n\t\t\t\t\t\t\t\t\t<p data-start=\"1608\" data-end=\"1749\">M\u00fc\u015fterilerimizin ihtiya\u00e7lar\u0131n\u0131 do\u011fru analiz ederek, onlara s\u00fcrd\u00fcr\u00fclebilir, yenilik\u00e7i ve y\u00fcksek standartlarda hizmet sunmak.<\/p><p data-start=\"1751\" data-end=\"1997\">AiRep, global anlay\u0131\u015f\u0131 yerel tecr\u00fcbeyle birle\u015ftirerek b\u00fcy\u00fcmeye devam ediyor. G\u00fcven, \u015feffafl\u0131k ve uzun vadeli i\u015f birli\u011fi ilkeleriyle hareket eden AiRep, sekt\u00f6rdeki t\u00fcm payda\u015flar\u0131 i\u00e7in bir \u00e7\u00f6z\u00fcm orta\u011f\u0131ndan daha fazlas\u0131d\u0131r \u2014 <strong data-start=\"1973\" data-end=\"1997\">b\u00fcy\u00fcyen bir ailedir.<\/strong><\/p>\t\t\t\t\t\t\t\t<\/div>\n\t\t\t\t<\/div>\n\t\t\t\t<\/div>\n\t\t<div class=\"elementor-element elementor-element-99aaea6 e-con-full e-flex e-con e-child\" data-id=\"99aaea6\" data-element_type=\"container\">\n\t\t\t\t<div class=\"elementor-element elementor-element-2a7992c elementor-widget elementor-widget-image\" data-id=\"2a7992c\" data-element_type=\"widget\" data-widget_type=\"image.default\">\n\t\t\t\t<div class=\"elementor-widget-container\">\n\t\t\t\t\t\t\t\t\t\t\t\t\t\t\t<img loading=\"lazy\" decoding=\"async\" width=\"650\" height=\"500\" src=\"https:\/\/yurtdisitransfer.com\/demo\/wp-content\/uploads\/2025\/07\/airep-hk.jpg\" class=\"attachment-large size-large wp-image-988193\" alt=\"\" srcset=\"https:\/\/yurtdisitransfer.com\/demo\/wp-content\/uploads\/2025\/07\/airep-hk.jpg 650w, https:\/\/yurtdisitransfer.com\/demo\/wp-content\/uploads\/2025\/07\/airep-hk-300x231.jpg 300w\" sizes=\"(max-width: 650px) 100vw, 650px\" \/>\t\t\t\t\t\t\t\t\t\t\t\t\t\t\t<\/div>\n\t\t\t\t<\/div>\n\t\t\t\t<\/div>\n\t\t\t\t\t<\/div>\n\t\t\t\t<\/div>\n\t\t\t\t<\/div>\n\t\t","protected":false},"excerpt":{"rendered":"<p>With years of experience and a results-focused approach,<br \/>\nwe empower businesses to navigate complexity and achieve their goals.<\/p>\n","protected":false},"author":1,"featured_media":0,"parent":0,"menu_order":0,"comment_status":"closed","ping_status":"closed","template":"","meta":{"footnotes":""},"class_list":["post-258","page","type-page","status-publish","hentry"],"_links":{"self":[{"href":"https:\/\/yurtdisitransfer.com\/demo\/wp-json\/wp\/v2\/pages\/258","targetHints":{"allow":["GET"]}}],"collection":[{"href":"https:\/\/yurtdisitransfer.com\/demo\/wp-json\/wp\/v2\/pages"}],"about":[{"href":"https:\/\/yurtdisitransfer.com\/demo\/wp-json\/wp\/v2\/types\/page"}],"author":[{"embeddable":true,"href":"https:\/\/yurtdisitransfer.com\/demo\/wp-json\/wp\/v2\/users\/1"}],"replies":[{"embeddable":true,"href":"https:\/\/yurtdisitransfer.com\/demo\/wp-json\/wp\/v2\/comments?post=258"}],"version-history":[{"count":16,"href":"https:\/\/yurtdisitransfer.com\/demo\/wp-json\/wp\/v2\/pages\/258\/revisions"}],"predecessor-version":[{"id":989395,"href":"https:\/\/yurtdisitransfer.com\/demo\/wp-json\/wp\/v2\/pages\/258\/revisions\/989395"}],"wp:attachment":[{"href":"https:\/\/yurtdisitransfer.com\/demo\/wp-json\/wp\/v2\/media?parent=258"}],"curies":[{"name":"wp","href":"https:\/\/api.w.org\/{rel}","templated":true}]}}