{"id":2275,"date":"2025-03-31T10:48:12","date_gmt":"2025-03-31T10:48:12","guid":{"rendered":"https:\/\/execor.vamtam.com\/?page_id=2275"},"modified":"2025-07-31T10:16:50","modified_gmt":"2025-07-31T07:16:50","slug":"havayollari-genel-satis-temsilciligi","status":"publish","type":"page","link":"https:\/\/yurtdisitransfer.com\/demo\/havayollari-genel-satis-temsilciligi\/","title":{"rendered":"Havayollar\u0131 Genel Sat\u0131\u015f Temsilcili\u011fi"},"content":{"rendered":"\t\t<div data-elementor-type=\"wp-page\" data-elementor-id=\"2275\" class=\"elementor elementor-2275\" data-elementor-post-type=\"page\">\n\t\t\t\t<div class=\"elementor-element elementor-element-ce2bb8e e-flex e-con-boxed e-con e-parent\" data-id=\"ce2bb8e\" data-element_type=\"container\">\n\t\t\t\t\t<div class=\"e-con-inner\">\n\t\t<div class=\"elementor-element elementor-element-3ddbd9de e-con-full e-flex e-con e-child\" data-id=\"3ddbd9de\" data-element_type=\"container\" data-settings=\"{&quot;background_background&quot;:&quot;classic&quot;}\">\n\t\t<div class=\"elementor-element elementor-element-63a8c8a7 e-con-full e-flex e-con e-child\" data-id=\"63a8c8a7\" data-element_type=\"container\" data-settings=\"{&quot;position&quot;:&quot;absolute&quot;}\">\n\t\t\t\t<div class=\"elementor-element elementor-element-49159813 elementor-widget elementor-widget-template\" data-id=\"49159813\" data-element_type=\"widget\" data-widget_type=\"template.default\">\n\t\t\t\t<div class=\"elementor-widget-container\">\n\t\t\t\t\t\t\t<div class=\"elementor-template\">\n\t\t\t\t\t<div data-elementor-type=\"container\" data-elementor-id=\"7162\" class=\"elementor elementor-7162\" data-elementor-post-type=\"elementor_library\">\n\t\t\t\t<div class=\"elementor-element elementor-element-c895366 e-con-full e-flex e-con e-child\" data-id=\"c895366\" data-element_type=\"container\">\n\t\t<div class=\"elementor-element elementor-element-37bc217 e-con-full blur-background e-flex e-con e-child\" data-id=\"37bc217\" data-element_type=\"container\">\n\t\t\t\t<\/div>\n\t\t<div class=\"elementor-element elementor-element-7aa6fbd e-con-full blur-background e-flex e-con e-child\" data-id=\"7aa6fbd\" data-element_type=\"container\">\n\t\t\t\t<\/div>\n\t\t<div class=\"elementor-element elementor-element-5500eb5 e-con-full blur-background e-flex e-con e-child\" data-id=\"5500eb5\" data-element_type=\"container\">\n\t\t\t\t<\/div>\n\t\t<div class=\"elementor-element elementor-element-ba4229b e-con-full blur-background e-flex e-con e-child\" data-id=\"ba4229b\" data-element_type=\"container\">\n\t\t\t\t<\/div>\n\t\t<div class=\"elementor-element elementor-element-0df9fbc e-con-full blur-background e-flex e-con e-child\" data-id=\"0df9fbc\" data-element_type=\"container\">\n\t\t\t\t<\/div>\n\t\t<div class=\"elementor-element elementor-element-a5c7002 e-con-full blur-background elementor-hidden-mobile e-flex e-con e-child\" data-id=\"a5c7002\" data-element_type=\"container\">\n\t\t\t\t<\/div>\n\t\t\t\t<\/div>\n\t\t\t\t<\/div>\n\t\t\t\t<\/div>\n\t\t\t\t\t\t<\/div>\n\t\t\t\t<\/div>\n\t\t\t\t<\/div>\n\t\t\t\t<\/div>\n\t\t<div class=\"elementor-element elementor-element-19c6b2e2 e-con-full e-flex e-con e-child\" data-id=\"19c6b2e2\" data-element_type=\"container\">\n\t\t\t\t<div class=\"elementor-element elementor-element-12995d6c elementor-invisible elementor-widget-tablet__width-inherit animated-fast elementor-widget elementor-widget-heading\" data-id=\"12995d6c\" data-element_type=\"widget\" data-settings=\"{&quot;_animation&quot;:&quot;slideInUp&quot;,&quot;_animation_delay&quot;:50}\" data-widget_type=\"heading.default\">\n\t\t\t\t<div class=\"elementor-widget-container\">\n\t\t\t\t\t<h2 class=\"elementor-heading-title elementor-size-default\">Havayollar\u0131 Genel Sat\u0131\u015f Temsilcili\u011fi Faaliyetlerimiz<\/h2>\t\t\t\t<\/div>\n\t\t\t\t<\/div>\n\t\t\t\t<div class=\"elementor-element elementor-element-5d0f602b elementor-invisible elementor-widget-tablet__width-inherit animated-fast elementor-widget elementor-widget-text-editor\" data-id=\"5d0f602b\" data-element_type=\"widget\" data-settings=\"{&quot;_animation&quot;:&quot;fadeIn&quot;,&quot;_animation_delay&quot;:200}\" data-widget_type=\"text-editor.default\">\n\t\t\t\t<div class=\"elementor-widget-container\">\n\t\t\t\t\t\t\t\t\t<p>Havayolu \u015firketinin bilet sat\u0131\u015f\u0131, rezervasyon i\u015flemleri, m\u00fc\u015fteri hizmetleri, muhasebe hizmetleri, market raporlamalar\u0131, pazarlama faaliyetleri ve sat\u0131\u015f stratejilerinin geli\u015ftirilmesi gibi konularda en kaliteli hizmeti sunmaya \u00e7al\u0131\u015f\u0131yoruz.<\/p>\n<p>AiRep ekibi olarak, m\u00fc\u015fteri memnuniyetini \u00f6n planda tutarak, seyahat acenteleri ve di\u011fer i\u015f ortaklar\u0131yla g\u00fc\u00e7l\u00fc ili\u015fkiler kuruyor ve i\u015fbirli\u011fi yap\u0131yoruz.<\/p>\n<p>E\u011fer siz de havayolu \u015firketinizin sat\u0131\u015f ve pazarlama faaliyetlerini profesyonel bir \u015fekilde y\u00f6netmek istiyorsan\u0131z, bizimle ileti\u015fime ge\u00e7ebilir ve hizmetlerimiz hakk\u0131nda detayl\u0131 bilgi alabilirsiniz. Havayolu genel sat\u0131\u015f temsilcili\u011fi hizmetlerimizle markan\u0131z\u0131n de\u011ferini art\u0131r\u0131n ve m\u00fc\u015fterilerinizin memnuniyetini sa\u011flay\u0131n.<\/p>\t\t\t\t\t\t\t\t<\/div>\n\t\t\t\t<\/div>\n\t\t\t\t<\/div>\n\t\t\t\t\t<\/div>\n\t\t\t\t<\/div>\n\t\t<div class=\"elementor-element elementor-element-4153e60c e-con-full e-flex e-con e-parent\" data-id=\"4153e60c\" data-element_type=\"container\">\n\t\t<div class=\"elementor-element elementor-element-660a4dab e-flex e-con-boxed e-con e-child\" data-id=\"660a4dab\" data-element_type=\"container\" data-settings=\"{&quot;background_background&quot;:&quot;classic&quot;}\">\n\t\t\t\t\t<div class=\"e-con-inner\">\n\t\t<div class=\"elementor-element elementor-element-2df20480 e-con-full e-flex e-con e-child\" data-id=\"2df20480\" data-element_type=\"container\">\n\t\t\t\t<div class=\"elementor-element elementor-element-3627ed4f elementor-invisible elementor-widget-tablet__width-inherit animated-fast elementor-widget elementor-widget-heading\" data-id=\"3627ed4f\" data-element_type=\"widget\" data-settings=\"{&quot;_animation&quot;:&quot;slideInUp&quot;,&quot;_animation_delay&quot;:50}\" data-widget_type=\"heading.default\">\n\t\t\t\t<div class=\"elementor-widget-container\">\n\t\t\t\t\t<h2 class=\"elementor-heading-title elementor-size-default\">Partnerlerimize Sundu\u011fumuz Ba\u015fl\u0131ca Hizmetler<\/h2>\t\t\t\t<\/div>\n\t\t\t\t<\/div>\n\t\t<div class=\"elementor-element elementor-element-47792548 elementor-invisible e-con-full animated-fast e-flex e-con e-child\" data-id=\"47792548\" data-element_type=\"container\" data-settings=\"{&quot;animation&quot;:&quot;slideInUp&quot;,&quot;animation_delay&quot;:150}\">\n\t\t\t\t<div class=\"elementor-element elementor-element-75f4ccd elementor-widget elementor-widget-heading\" data-id=\"75f4ccd\" data-element_type=\"widget\" data-widget_type=\"heading.default\">\n\t\t\t\t<div class=\"elementor-widget-container\">\n\t\t\t\t\t<h5 class=\"elementor-heading-title elementor-size-default\">Seyahat acenteleri, Tur operat\u00f6rleri, Kurumsal Bilet Acenteleri ve OTA ler ile birlikte s\u00fcrd\u00fcr\u00fclen Sat\u0131\u015f Geli\u015ftirme faaliyetleri<\/h5>\t\t\t\t<\/div>\n\t\t\t\t<\/div>\n\t\t\t\t<\/div>\n\t\t<div class=\"elementor-element elementor-element-50e29cc4 elementor-invisible e-con-full animated-fast e-flex e-con e-child\" data-id=\"50e29cc4\" data-element_type=\"container\" data-settings=\"{&quot;animation&quot;:&quot;slideInUp&quot;,&quot;animation_delay&quot;:200}\">\n\t\t\t\t<div class=\"elementor-element elementor-element-2bdf1484 elementor-widget elementor-widget-heading\" data-id=\"2bdf1484\" data-element_type=\"widget\" data-widget_type=\"heading.default\">\n\t\t\t\t<div class=\"elementor-widget-container\">\n\t\t\t\t\t<h5 class=\"elementor-heading-title elementor-size-default\">Online ve Offline Pazarlama Faliyetleri<\/h5>\t\t\t\t<\/div>\n\t\t\t\t<\/div>\n\t\t\t\t<\/div>\n\t\t<div class=\"elementor-element elementor-element-54c92889 elementor-invisible e-con-full animated-fast e-flex e-con e-child\" data-id=\"54c92889\" data-element_type=\"container\" data-settings=\"{&quot;animation&quot;:&quot;slideInUp&quot;,&quot;animation_delay&quot;:250}\">\n\t\t\t\t<div class=\"elementor-element elementor-element-42155b3f elementor-widget elementor-widget-heading\" data-id=\"42155b3f\" data-element_type=\"widget\" data-widget_type=\"heading.default\">\n\t\t\t\t<div class=\"elementor-widget-container\">\n\t\t\t\t\t<h5 class=\"elementor-heading-title elementor-size-default\">Bilet sat\u0131\u015f ve Rezervasyon Hizmetleri<\/h5>\t\t\t\t<\/div>\n\t\t\t\t<\/div>\n\t\t\t\t<\/div>\n\t\t<div class=\"elementor-element elementor-element-488c0299 elementor-invisible e-con-full animated-fast e-flex e-con e-child\" data-id=\"488c0299\" data-element_type=\"container\" data-settings=\"{&quot;animation&quot;:&quot;slideInUp&quot;,&quot;animation_delay&quot;:300}\">\n\t\t\t\t<div class=\"elementor-element elementor-element-1ba707a1 elementor-widget elementor-widget-heading\" data-id=\"1ba707a1\" data-element_type=\"widget\" data-widget_type=\"heading.default\">\n\t\t\t\t<div class=\"elementor-widget-container\">\n\t\t\t\t\t<h5 class=\"elementor-heading-title elementor-size-default\">M\u00fc\u015fteri Hizmeleri<\/h5>\t\t\t\t<\/div>\n\t\t\t\t<\/div>\n\t\t\t\t<\/div>\n\t\t<div class=\"elementor-element elementor-element-61c749c elementor-invisible e-con-full animated-fast e-flex e-con e-child\" data-id=\"61c749c\" data-element_type=\"container\" data-settings=\"{&quot;animation&quot;:&quot;slideInUp&quot;,&quot;animation_delay&quot;:300}\">\n\t\t\t\t<div class=\"elementor-element elementor-element-ec2f91b elementor-widget elementor-widget-heading\" data-id=\"ec2f91b\" data-element_type=\"widget\" data-widget_type=\"heading.default\">\n\t\t\t\t<div class=\"elementor-widget-container\">\n\t\t\t\t\t<h5 class=\"elementor-heading-title elementor-size-default\">M\u00fc\u015fteri - Raporlama ve Market analizleri\n\n<\/h5>\t\t\t\t<\/div>\n\t\t\t\t<\/div>\n\t\t\t\t<\/div>\n\t\t<div class=\"elementor-element elementor-element-263d04b elementor-invisible e-con-full animated-fast e-flex e-con e-child\" data-id=\"263d04b\" data-element_type=\"container\" data-settings=\"{&quot;animation&quot;:&quot;slideInUp&quot;,&quot;animation_delay&quot;:300}\">\n\t\t\t\t<div class=\"elementor-element elementor-element-bcb2341 elementor-widget elementor-widget-heading\" data-id=\"bcb2341\" data-element_type=\"widget\" data-widget_type=\"heading.default\">\n\t\t\t\t<div class=\"elementor-widget-container\">\n\t\t\t\t\t<h5 class=\"elementor-heading-title elementor-size-default\"> Detayl\u0131 Muhasebe i\u015flemleri ve Raporlamalar\u0131\n\n<\/h5>\t\t\t\t<\/div>\n\t\t\t\t<\/div>\n\t\t\t\t<\/div>\n\t\t\t\t<\/div>\n\t\t<div class=\"elementor-element elementor-element-4d722174 e-con-full e-flex e-con e-child\" data-id=\"4d722174\" data-element_type=\"container\" data-settings=\"{&quot;background_background&quot;:&quot;classic&quot;}\">\n\t\t<div class=\"elementor-element elementor-element-5fdcfa76 e-con-full e-flex e-con e-child\" data-id=\"5fdcfa76\" data-element_type=\"container\" data-settings=\"{&quot;position&quot;:&quot;absolute&quot;}\">\n\t\t\t\t<div class=\"elementor-element elementor-element-2c498e48 elementor-widget elementor-widget-template\" data-id=\"2c498e48\" data-element_type=\"widget\" data-widget_type=\"template.default\">\n\t\t\t\t<div class=\"elementor-widget-container\">\n\t\t\t\t\t\t\t<div class=\"elementor-template\">\n\t\t\t\t\t<div data-elementor-type=\"container\" data-elementor-id=\"7162\" class=\"elementor elementor-7162\" data-elementor-post-type=\"elementor_library\">\n\t\t\t\t<div class=\"elementor-element elementor-element-c895366 e-con-full e-flex e-con e-child\" data-id=\"c895366\" data-element_type=\"container\">\n\t\t<div class=\"elementor-element elementor-element-37bc217 e-con-full blur-background e-flex e-con e-child\" data-id=\"37bc217\" data-element_type=\"container\">\n\t\t\t\t<\/div>\n\t\t<div class=\"elementor-element elementor-element-7aa6fbd e-con-full blur-background e-flex e-con e-child\" data-id=\"7aa6fbd\" data-element_type=\"container\">\n\t\t\t\t<\/div>\n\t\t<div class=\"elementor-element elementor-element-5500eb5 e-con-full blur-background e-flex e-con e-child\" data-id=\"5500eb5\" data-element_type=\"container\">\n\t\t\t\t<\/div>\n\t\t<div class=\"elementor-element elementor-element-ba4229b e-con-full blur-background e-flex e-con e-child\" data-id=\"ba4229b\" data-element_type=\"container\">\n\t\t\t\t<\/div>\n\t\t<div class=\"elementor-element elementor-element-0df9fbc e-con-full blur-background e-flex e-con e-child\" data-id=\"0df9fbc\" data-element_type=\"container\">\n\t\t\t\t<\/div>\n\t\t<div class=\"elementor-element elementor-element-a5c7002 e-con-full blur-background elementor-hidden-mobile e-flex e-con e-child\" data-id=\"a5c7002\" data-element_type=\"container\">\n\t\t\t\t<\/div>\n\t\t\t\t<\/div>\n\t\t\t\t<\/div>\n\t\t\t\t<\/div>\n\t\t\t\t\t\t<\/div>\n\t\t\t\t<\/div>\n\t\t\t\t<\/div>\n\t\t\t\t<\/div>\n\t\t\t\t\t<\/div>\n\t\t\t\t<\/div>\n\t\t\t\t<div class=\"elementor-element elementor-element-2b9975d elementor-invisible elementor-widget-tablet__width-inherit animated-fast elementor-widget elementor-widget-heading\" data-id=\"2b9975d\" data-element_type=\"widget\" data-settings=\"{&quot;_animation&quot;:&quot;slideInUp&quot;,&quot;_animation_delay&quot;:50}\" data-widget_type=\"heading.default\">\n\t\t\t\t<div class=\"elementor-widget-container\">\n\t\t\t\t\t<h2 class=\"elementor-heading-title elementor-size-default\">Partnerlerimiz<\/h2>\t\t\t\t<\/div>\n\t\t\t\t<\/div>\n\t\t\t\t<\/div>\n\t\t<div class=\"elementor-element elementor-element-60b45b39 e-flex e-con-boxed e-con e-parent\" data-id=\"60b45b39\" data-element_type=\"container\">\n\t\t\t\t\t<div class=\"e-con-inner\">\n\t\t\t\t<div class=\"elementor-element elementor-element-52b13f6d elementor-invisible animated-fast elementor-widget-mobile__width-initial elementor-widget elementor-widget-image\" data-id=\"52b13f6d\" data-element_type=\"widget\" data-settings=\"{&quot;_animation&quot;:&quot;slideInUp&quot;}\" data-widget_type=\"image.default\">\n\t\t\t\t<div class=\"elementor-widget-container\">\n\t\t\t\t\t\t\t\t\t\t\t\t\t\t\t<img decoding=\"async\" width=\"268\" height=\"100\" src=\"https:\/\/yurtdisitransfer.com\/demo\/wp-content\/uploads\/2025\/06\/thai.png\" class=\"attachment-medium size-medium wp-image-987663\" alt=\"\" \/>\t\t\t\t\t\t\t\t\t\t\t\t\t\t\t<\/div>\n\t\t\t\t<\/div>\n\t\t\t\t<div class=\"elementor-element elementor-element-48de948d elementor-invisible animated-fast elementor-widget-mobile__width-initial elementor-widget elementor-widget-image\" data-id=\"48de948d\" data-element_type=\"widget\" data-settings=\"{&quot;_animation&quot;:&quot;slideInUp&quot;,&quot;_animation_delay&quot;:50}\" data-widget_type=\"image.default\">\n\t\t\t\t<div class=\"elementor-widget-container\">\n\t\t\t\t\t\t\t\t\t\t\t\t\t\t\t<img decoding=\"async\" width=\"230\" height=\"100\" src=\"https:\/\/yurtdisitransfer.com\/demo\/wp-content\/uploads\/2025\/06\/hertz.png\" class=\"attachment-medium size-medium wp-image-987661\" alt=\"\" \/>\t\t\t\t\t\t\t\t\t\t\t\t\t\t\t<\/div>\n\t\t\t\t<\/div>\n\t\t\t\t<div class=\"elementor-element elementor-element-64dda39b elementor-invisible animated-fast elementor-widget-mobile__width-initial elementor-widget elementor-widget-image\" data-id=\"64dda39b\" data-element_type=\"widget\" data-settings=\"{&quot;_animation&quot;:&quot;slideInUp&quot;,&quot;_animation_delay&quot;:100}\" data-widget_type=\"image.default\">\n\t\t\t\t<div class=\"elementor-widget-container\">\n\t\t\t\t\t\t\t\t\t\t\t\t\t\t\t<img decoding=\"async\" width=\"198\" height=\"100\" src=\"https:\/\/yurtdisitransfer.com\/demo\/wp-content\/uploads\/2025\/06\/thai-cargo.png\" class=\"attachment-medium size-medium wp-image-987664\" alt=\"\" \/>\t\t\t\t\t\t\t\t\t\t\t\t\t\t\t<\/div>\n\t\t\t\t<\/div>\n\t\t\t\t<div class=\"elementor-element elementor-element-5857730 elementor-invisible animated-fast elementor-widget-mobile__width-initial elementor-widget elementor-widget-image\" data-id=\"5857730\" data-element_type=\"widget\" data-settings=\"{&quot;_animation&quot;:&quot;slideInUp&quot;,&quot;_animation_delay&quot;:150}\" data-widget_type=\"image.default\">\n\t\t\t\t<div class=\"elementor-widget-container\">\n\t\t\t\t\t\t\t\t\t\t\t\t\t\t\t<img loading=\"lazy\" decoding=\"async\" width=\"300\" height=\"70\" src=\"https:\/\/yurtdisitransfer.com\/demo\/wp-content\/uploads\/2025\/06\/united-300x70.png\" class=\"attachment-medium size-medium wp-image-987665\" alt=\"\" srcset=\"https:\/\/yurtdisitransfer.com\/demo\/wp-content\/uploads\/2025\/06\/united-300x70.png 300w, https:\/\/yurtdisitransfer.com\/demo\/wp-content\/uploads\/2025\/06\/united.png 430w\" sizes=\"(max-width: 300px) 100vw, 300px\" \/>\t\t\t\t\t\t\t\t\t\t\t\t\t\t\t<\/div>\n\t\t\t\t<\/div>\n\t\t\t\t<div class=\"elementor-element elementor-element-508be3c8 elementor-invisible animated-fast elementor-widget-mobile__width-initial elementor-widget elementor-widget-image\" data-id=\"508be3c8\" data-element_type=\"widget\" data-settings=\"{&quot;_animation&quot;:&quot;slideInUp&quot;,&quot;_animation_delay&quot;:200}\" data-widget_type=\"image.default\">\n\t\t\t\t<div class=\"elementor-widget-container\">\n\t\t\t\t\t\t\t\t\t\t\t\t\t\t\t<img loading=\"lazy\" decoding=\"async\" width=\"300\" height=\"67\" src=\"https:\/\/yurtdisitransfer.com\/demo\/wp-content\/uploads\/2025\/06\/hertz-drive-u-300x67.png\" class=\"attachment-medium size-medium wp-image-987666\" alt=\"\" srcset=\"https:\/\/yurtdisitransfer.com\/demo\/wp-content\/uploads\/2025\/06\/hertz-drive-u-300x67.png 300w, https:\/\/yurtdisitransfer.com\/demo\/wp-content\/uploads\/2025\/06\/hertz-drive-u.png 448w\" sizes=\"(max-width: 300px) 100vw, 300px\" \/>\t\t\t\t\t\t\t\t\t\t\t\t\t\t\t<\/div>\n\t\t\t\t<\/div>\n\t\t\t\t<div class=\"elementor-element elementor-element-75c12413 elementor-invisible animated-fast elementor-widget-mobile__width-initial elementor-widget elementor-widget-image\" data-id=\"75c12413\" data-element_type=\"widget\" data-settings=\"{&quot;_animation&quot;:&quot;slideInUp&quot;,&quot;_animation_delay&quot;:250}\" data-widget_type=\"image.default\">\n\t\t\t\t<div class=\"elementor-widget-container\">\n\t\t\t\t\t\t\t\t\t\t\t\t\t\t\t<img loading=\"lazy\" decoding=\"async\" width=\"300\" height=\"81\" src=\"https:\/\/yurtdisitransfer.com\/demo\/wp-content\/uploads\/2025\/06\/indigo-300x81.png\" class=\"attachment-medium size-medium wp-image-987662\" alt=\"\" srcset=\"https:\/\/yurtdisitransfer.com\/demo\/wp-content\/uploads\/2025\/06\/indigo-300x81.png 300w, https:\/\/yurtdisitransfer.com\/demo\/wp-content\/uploads\/2025\/06\/indigo.png 372w\" sizes=\"(max-width: 300px) 100vw, 300px\" \/>\t\t\t\t\t\t\t\t\t\t\t\t\t\t\t<\/div>\n\t\t\t\t<\/div>\n\t\t\t\t\t<\/div>\n\t\t\t\t<\/div>\n\t\t\t\t<\/div>\n\t\t","protected":false},"excerpt":{"rendered":"<p>We align your goals with actionable strategies to fuel long-term growth and stability.<\/p>\n","protected":false},"author":1,"featured_media":987726,"parent":0,"menu_order":0,"comment_status":"closed","ping_status":"closed","template":"","meta":{"footnotes":""},"class_list":["post-2275","page","type-page","status-publish","has-post-thumbnail","hentry"],"_links":{"self":[{"href":"https:\/\/yurtdisitransfer.com\/demo\/wp-json\/wp\/v2\/pages\/2275","targetHints":{"allow":["GET"]}}],"collection":[{"href":"https:\/\/yurtdisitransfer.com\/demo\/wp-json\/wp\/v2\/pages"}],"about":[{"href":"https:\/\/yurtdisitransfer.com\/demo\/wp-json\/wp\/v2\/types\/page"}],"author":[{"embeddable":true,"href":"https:\/\/yurtdisitransfer.com\/demo\/wp-json\/wp\/v2\/users\/1"}],"replies":[{"embeddable":true,"href":"https:\/\/yurtdisitransfer.com\/demo\/wp-json\/wp\/v2\/comments?post=2275"}],"version-history":[{"count":16,"href":"https:\/\/yurtdisitransfer.com\/demo\/wp-json\/wp\/v2\/pages\/2275\/revisions"}],"predecessor-version":[{"id":987730,"href":"https:\/\/yurtdisitransfer.com\/demo\/wp-json\/wp\/v2\/pages\/2275\/revisions\/987730"}],"wp:featuredmedia":[{"embeddable":true,"href":"https:\/\/yurtdisitransfer.com\/demo\/wp-json\/wp\/v2\/media\/987726"}],"wp:attachment":[{"href":"https:\/\/yurtdisitransfer.com\/demo\/wp-json\/wp\/v2\/media?parent=2275"}],"curies":[{"name":"wp","href":"https:\/\/api.w.org\/{rel}","templated":true}]}}