{"id":2034,"date":"2025-03-29T16:49:06","date_gmt":"2025-03-29T16:49:06","guid":{"rendered":"https:\/\/execor.vamtam.com\/?page_id=2034"},"modified":"2025-07-25T13:32:30","modified_gmt":"2025-07-25T10:32:30","slug":"terms-conditions","status":"publish","type":"page","link":"https:\/\/yurtdisitransfer.com\/demo\/terms-conditions\/","title":{"rendered":"Gizlilik Politikas\u0131"},"content":{"rendered":"\t\t<div data-elementor-type=\"wp-page\" data-elementor-id=\"2034\" class=\"elementor elementor-2034\" data-elementor-post-type=\"page\">\n\t\t\t\t<div class=\"elementor-element elementor-element-bdb515c e-flex e-con-boxed e-con e-parent\" data-id=\"bdb515c\" data-element_type=\"container\">\n\t\t\t\t\t<div class=\"e-con-inner\">\n\t\t<div class=\"elementor-element elementor-element-7b882be e-con-full e-flex e-con e-child\" data-id=\"7b882be\" data-element_type=\"container\">\n\t\t\t\t<div class=\"elementor-element elementor-element-4bb6ad0 elementor-widget elementor-widget-text-editor\" data-id=\"4bb6ad0\" data-element_type=\"widget\" data-widget_type=\"text-editor.default\">\n\t\t\t\t<div class=\"elementor-widget-container\">\n\t\t\t\t\t\t\t\t\t<p><strong>Ki\u015fisel Verilere \u0130li\u015fkin Ayd\u0131nlatma Metni<\/strong><\/p><p>Biz, Airep olarak (\u201c\u015eirket\u201d), ki\u015fisel verilerinizin korunmas\u0131 ad\u0131na, 6698 say\u0131l\u0131 Ki\u015fisel Verilerin Korunmas\u0131 Kanunu (\u201cVeri Koruma Kanunu\u201d) gere\u011fince, \u00fcr\u00fcnlerimizden ve hizmetlerimizden faydalanan m\u00fc\u015fterilerimiz de dahil olmak \u00fczere \u015eirket ile ba\u011flant\u0131l\u0131 t\u00fcm ki\u015filerin ki\u015fisel verilerinin i\u015flenmesine ve korunmas\u0131na azami \u00f6zen g\u00f6steriyoruz. Bu sorumluluk bilincinde olarak, bir Veri Kontrolc\u00fcs\u00fc olarak, a\u015fa\u011f\u0131da a\u00e7\u0131klanan y\u00f6netmelik s\u0131n\u0131rlar\u0131 \u00e7er\u00e7evesinde ki\u015fisel verilerinizi i\u015flemekteyiz.<\/p><p><strong>1- Ki\u015fisel Verilerin Toplanmas\u0131 ve \u0130\u015flenmesi ve \u0130\u015flem Ama\u00e7lar\u0131<\/strong><br \/>\u015eirketimiz taraf\u0131ndan sa\u011flanan \u00fcr\u00fcnler, hizmetler, ve i\u015f operasyonlar\u0131na ba\u011fl\u0131 olarak, ki\u015fisel verileriniz s\u00f6zl\u00fc, yaz\u0131l\u0131 veya elektronik ortamda otomatik veya otomatik olmayan ara\u00e7lar ile ofisler, sat\u0131c\u0131lar, \u00e7a\u011fr\u0131 merkezleri, websiteleri, sosyal medya kanallar\u0131, mobil uygulamalar, vb. taraf\u0131ndan toplanabilir.<\/p><p>Toplanan ki\u015fisel veriler, Ki\u015fisel Verilerin Korunmas\u0131 Kanunu\u2019nun veri i\u015fleme ko\u015fullar\u0131 ve ama\u00e7lar\u0131n\u0131 d\u00fczenleyen 5. Ve 6. maddesi \u00e7er\u00e7evesinde \u015fu nedenlerle i\u015flenecektir: i\u015f birimlerimizin, \u00fcr\u00fcnlerimizden ve hizmetlerimizden faydalanman\u0131z i\u00e7in gerekli i\u015fleri ger\u00e7ekle\u015ftirmelerini sa\u011flamak; ki\u015fiye \u00f6zel, iste\u011finize, al\u0131\u015fkanl\u0131klar\u0131n\u0131za ve ihtiya\u00e7lar\u0131n\u0131za uygun \u00fcr\u00fcnler ve hizmetler sa\u011flamak; \u015eirketimizle i\u015f birli\u011fi yapan ki\u015filer ile birlikte \u015eirketimizin yasal ve ticari g\u00fcvenli\u011fini sa\u011flamak (\u015eirket i\u00e7indeki ileti\u015fime ait idari operasyonlar); \u015eirkete ait tesislerde fiziksel g\u00fcvenli\u011fi ve denetimi sa\u011flamak, i\u015f ortaklar\u0131\/m\u00fc\u015fterileri\/tedarik\u00e7iler i\u00e7in de\u011ferlendirme s\u00fcrecini sa\u011flamak \u2013 yetkili \u00e7al\u0131\u015fanlar veya g\u00f6revliler \u2013 yasal uygunluk i\u015flemi ve mali i\u015fler, vb.; \u015eirketimiz i\u00e7in ticari ve i\u015f stratejilerini belirlemek ve uygulamak.<\/p><p><strong>2- Ki\u015fisel Verilerin Toplanmas\u0131na \u0130li\u015fkin Y\u00f6ntemler ve Yasal Nedenler<\/strong><br \/>Ki\u015fisel verileriniz s\u00f6zl\u00fc, yaz\u0131l\u0131 veya elektronik olarak toplan\u0131r ve b\u00f6ylece \u015eirketimiz yukar\u0131da bahsedilen ama\u00e7lar i\u00e7in yasal \u00e7er\u00e7eve i\u00e7erisinde ve ayn\u0131 zamanda ilgili kontrat ve kanunun emretti\u011fi sorumluluklar\u0131n\u0131 tamamiyle ve b\u00fct\u00fcn\u00fcyle yerine getirerek, \u00fcr\u00fcnlerini ve hizmetlerini sa\u011flayabilecektir. Bu yasal nedenden dolay\u0131 toplanan verileriniz, bu yaz\u0131daki 1. maddede belirtilen ama\u00e7lar do\u011frultusunda Ki\u015fisel Verilerin Korunmas\u0131 Kanunu\u2019nun veri i\u015fleme ko\u015fullar\u0131 ve ama\u00e7lar\u0131n\u0131 d\u00fczenleyen 5. Ve 6. maddesi \u00e7er\u00e7evesinde i\u015flenebilir ve devredilebilir.<\/p><p><strong>Ki\u015fisel bilgilerinizi pazarlama amac\u0131yla nas\u0131l kullan\u0131r\u0131z?<\/strong><\/p><p>Bizden g\u00fcncellemeler almay\u0131 istedi\u011finizi belirtti\u011finiz durumlarda:<\/p><ul><li>size Platformlar\u0131m\u0131z ve dikkatle se\u00e7ilen partnerlerimiz arac\u0131l\u0131\u011f\u0131yla mevcut olan \u00fcr\u00fcn ve hizmetlerdeki geli\u015fmeleri bildirmek amac\u0131yla pazarlama mesajlar\u0131 g\u00f6nderebiliriz (bunlar\u0131 size kendi pazarlama ama\u00e7lar\u0131m\u0131z do\u011frultusunda sunacak \u015fekilde);<\/li><li>bu bilgileri almak istedi\u011finizi belirledi\u011fimizde veya bunu bize belirtti\u011finizde, Airep kurumlar ve\/veya di\u011fer \u00fc\u00e7\u00fcnc\u00fc taraflar da size \u00fcr\u00fcn ve hizmetleri hakk\u0131nda pazarlama veya g\u00fcncellemeler g\u00f6nderebilir ve<\/li><li>bize bildirdi\u011finiz, \u00c7erezlerden edindi\u011fimiz ve\/veya hizmet kullan\u0131m\u0131n\u0131zdan veya pazar ara\u015ft\u0131rmalar\u0131ndan edindi\u011fimiz \u015fekilde (A\u015fa\u011f\u0131daki toplu veriler, veri analitikleri ve sosyal medya fonksiyonelli\u011fi b\u00f6l\u00fcm\u00fcne g\u00f6z at\u0131n) ki\u015fisel tercihleri kullanaca\u011f\u0131z. Bu bilgileri, ald\u0131\u011f\u0131n\u0131z reklam ve ileti\u015fimleri sizinle en alakal\u0131 olacak ve ilginizi \u00e7ekebilecek \u015fekilde ki\u015fiselle\u015ftirmek i\u00e7in kullanaca\u011f\u0131z.<\/li><\/ul><p>Ayn\u0131 zamanda belirli elektronik mesajlar alma iste\u011finizde sitemiz \u00fczerinden \u00fcyeli\u011finize son verebilirsiniz.<\/p><p><strong>3- Ki\u015fisel Verilerin Korunmas\u0131 Kanunu\u2019nun 11. Maddesinde Belirtilen Ki\u015fisel Veri Sahibi Haklar\u0131<\/strong><\/p><p>Ki\u015fisel veri sahipleri \u015eirketimize, bu Ayd\u0131nlat\u0131c\u0131 Metin\u2019de a\u015fa\u011f\u0131daki belirtilen haklar\u0131na ili\u015fkin taleplerini g\u00f6nderdikleri takdirde, \u015eirketimiz en ge\u00e7 otuz g\u00fcn i\u00e7erisinde, talebin niteli\u011fine ba\u011fl\u0131 olarak talebi \u00fccretsiz olarak cevaplayacakt\u0131r. E\u011fer Ki\u015fisel Veri Koruma Kurulu bir \u00fccret uygularsa, \u015eirketimiz taraf\u0131ndan belirlenecek olan bir \u00fccret tarifesi uygulan\u0131r. Bu kapsamda ki\u015fisel veri sahiplerinin haklar\u0131:<\/p><ul><li>ki\u015fisel verilerinizin i\u015flenip i\u015flenmedi\u011fini \u00f6\u011frenme,<\/li><li>ki\u015fisel verileriniz i\u015flenmi\u015fse buna ili\u015fkin bilgi talep etme,<\/li><li>ki\u015fisel verilerinizin i\u015flenme amac\u0131n\u0131 ve bunlar\u0131n amac\u0131na uygun kullan\u0131l\u0131p kullan\u0131lmad\u0131\u011f\u0131n\u0131 \u00f6\u011frenme,<\/li><li>yurt i\u00e7inde ve yurt d\u0131\u015f\u0131nda ki\u015fisel verilerinizin aktar\u0131ld\u0131\u011f\u0131 \u00fc\u00e7\u00fcnc\u00fc ki\u015fileri bilme,<\/li><li>ki\u015fisel verilerinizin eksik veya yanl\u0131\u015f i\u015flenmi\u015f olmas\u0131 durumunda bunlar\u0131n d\u00fczeltilmesini isteme ve bu ba\u011flamda ki\u015fisel verilerin aktar\u0131ld\u0131\u011f\u0131 \u00fc\u00e7\u00fcnc\u00fc ki\u015filere bildirim talep etme,<\/li><li>verilerin, Ki\u015fisel Verilen Korunmas\u0131 Kanunu ve di\u011fer ilgili y\u00f6netmelikler \u00e7er\u00e7evesinde i\u015flenmi\u015f olsa dahi ki\u015fisel verilerinizin i\u015flenmesini gerektiren sebeplerin ortadan kalkm\u0131\u015f olmas\u0131 \u015fart\u0131yla ki\u015fisel verilerinizin silinmesini veya anonim h\u00e2le getirilmesini isteme ve \u00fc\u00e7\u00fcnc\u00fc ki\u015fileri uyarma,<\/li><li>ki\u015fisel verilerinizin m\u00fcnhas\u0131ran otomatik sistemler vas\u0131tas\u0131yla analiz edilmesi suretiyle aleyhinize bir sonucun ortaya \u00e7\u0131kmas\u0131na itiraz etme,<\/li><li>Ki\u015fisel verilerin kanuna ayk\u0131r\u0131 olarak i\u015flenmesi sebebiyle zarara u\u011framan\u0131z halinde zarar\u0131n giderilmesini talep etme haklar\u0131na sahipsiniz.<\/li><\/ul><p>Veri Koruma Kanunu\u2019nun 13. Maddesi\u2019nin 1. paragraf\u0131 uyar\u0131nca, yukar\u0131da belirtilen haklar\u0131n\u0131z\u0131 kullanmak i\u00e7in taleplerinizi \u015eirketimize yaz\u0131l\u0131 veya Ki\u015fisel Verileri Koruma Kurulu taraf\u0131ndan belirlenen di\u011fer t\u00fcrlere g\u00f6re g\u00f6nderebilirsiniz. Kurul hen\u00fcz ba\u015fka t\u00fcrl\u00fc bir ileti\u015fim tipi belirlemedi\u011fi i\u00e7in, Veri Koruma Kanunu\u2019na istinaden talebinizi yaz\u0131l\u0131 olarak g\u00f6ndermeniz gerekmektedir. Bu ba\u011flamda, Veri Koruma Kanunu\u2019nun 11. Maddesi ile belirlenen, ba\u015fvurular\u0131n\u0131z\u0131 yaz\u0131l\u0131 olarak g\u00f6ndermeniz gereken kanallar ve y\u00f6ntemler a\u015fa\u011f\u0131da belirtilmi\u015ftir:<\/p><p>Yukar\u0131da belirtilen haklar\u0131n\u0131z\u0131 kullanmak i\u00e7in kimlik bilgilerinizle beraber Veri Koruma Kanunu\u2019nun 11. Maddesi ile belirlenen haklar\u0131n\u0131za ili\u015fkin a\u00e7\u0131klamalarla\u00a0<a href=\"mailto:info@airep.com\">info@airep.com<\/a>\u00a0adresine ba\u015fvurunuzu g\u00f6nderiniz. Ba\u015fvurunuzu kimlik kart\u0131n\u0131zla beraber Kocatepe Mah. Cumhuriyet Cad. \u00c7\u0131nar Apt. No:25\/3, 34437, Elmada\u011f, Beyo\u011flu, \u0130stanbul, Turkey adresine kargo ile, noter arac\u0131l\u0131\u011f\u0131yla veya Veri Koruma Kanunu ile belirtilen di\u011fer y\u00f6ntemlerle g\u00f6nderiniz veya ba\u015fvuru mektubunuzu\u00a0<a href=\"mailto:info@airep.com\">info@airep.com<\/a>\u00a0adresine g\u00fcvenli elektronik imza ile g\u00f6nderiniz.<\/p>\t\t\t\t\t\t\t\t<\/div>\n\t\t\t\t<\/div>\n\t\t\t\t<\/div>\n\t\t\t\t\t<\/div>\n\t\t\t\t<\/div>\n\t\t\t\t<\/div>\n\t\t","protected":false},"excerpt":{"rendered":"<p>Ki\u015fisel Verilere \u0130li\u015fkin Ayd\u0131nlatma Metni Biz, Airep olarak (\u201c\u015eirket\u201d), ki\u015fisel verilerinizin korunmas\u0131 ad\u0131na, 6698 say\u0131l\u0131 Ki\u015fisel Verilerin Korunmas\u0131 Kanunu (\u201cVeri Koruma Kanunu\u201d) gere\u011fince, \u00fcr\u00fcnlerimizden ve hizmetlerimizden faydalanan m\u00fc\u015fterilerimiz de dahil olmak \u00fczere \u015eirket ile ba\u011flant\u0131l\u0131 t\u00fcm ki\u015filerin ki\u015fisel verilerinin i\u015flenmesine ve korunmas\u0131na azami \u00f6zen g\u00f6steriyoruz. Bu sorumluluk bilincinde olarak, bir Veri Kontrolc\u00fcs\u00fc olarak, a\u015fa\u011f\u0131da a\u00e7\u0131klanan&#8230;<\/p>\n","protected":false},"author":1,"featured_media":0,"parent":0,"menu_order":0,"comment_status":"closed","ping_status":"closed","template":"","meta":{"footnotes":""},"class_list":["post-2034","page","type-page","status-publish","hentry"],"_links":{"self":[{"href":"https:\/\/yurtdisitransfer.com\/demo\/wp-json\/wp\/v2\/pages\/2034","targetHints":{"allow":["GET"]}}],"collection":[{"href":"https:\/\/yurtdisitransfer.com\/demo\/wp-json\/wp\/v2\/pages"}],"about":[{"href":"https:\/\/yurtdisitransfer.com\/demo\/wp-json\/wp\/v2\/types\/page"}],"author":[{"embeddable":true,"href":"https:\/\/yurtdisitransfer.com\/demo\/wp-json\/wp\/v2\/users\/1"}],"replies":[{"embeddable":true,"href":"https:\/\/yurtdisitransfer.com\/demo\/wp-json\/wp\/v2\/comments?post=2034"}],"version-history":[{"count":4,"href":"https:\/\/yurtdisitransfer.com\/demo\/wp-json\/wp\/v2\/pages\/2034\/revisions"}],"predecessor-version":[{"id":988087,"href":"https:\/\/yurtdisitransfer.com\/demo\/wp-json\/wp\/v2\/pages\/2034\/revisions\/988087"}],"wp:attachment":[{"href":"https:\/\/yurtdisitransfer.com\/demo\/wp-json\/wp\/v2\/media?parent=2034"}],"curies":[{"name":"wp","href":"https:\/\/api.w.org\/{rel}","templated":true}]}}